{"id":2489,"date":"2024-05-15T16:13:28","date_gmt":"2024-05-15T20:13:28","guid":{"rendered":"https:\/\/obispadoarica.cl\/home\/?page_id=2489"},"modified":"2026-02-01T16:51:58","modified_gmt":"2026-02-01T20:51:58","slug":"elementor-2489","status":"publish","type":"page","link":"https:\/\/obispadoarica.cl\/home\/elementor-2489\/","title":{"rendered":"Nuestros Religiosos"},"content":{"rendered":"\t\t<div data-elementor-type=\"wp-page\" data-elementor-id=\"2489\" class=\"elementor elementor-2489\" data-elementor-post-type=\"page\">\n\t\t\t\t\t\t<section class=\"elementor-section elementor-top-section elementor-element elementor-element-ebf0810 elementor-section-full_width elementor-section-stretched elementor-section-height-default elementor-section-height-default\" data-id=\"ebf0810\" data-element_type=\"section\" data-settings=\"{&quot;stretch_section&quot;:&quot;section-stretched&quot;}\">\n\t\t\t\t\t\t<div class=\"elementor-container elementor-column-gap-no\">\n\t\t\t\t\t<div class=\"elementor-column elementor-col-100 elementor-top-column elementor-element elementor-element-34b16d8\" data-id=\"34b16d8\" data-element_type=\"column\">\n\t\t\t<div class=\"elementor-widget-wrap elementor-element-populated\">\n\t\t\t\t\t\t<div class=\"elementor-element elementor-element-9361f8c elementor--h-position-center elementor--v-position-middle elementor-arrows-position-inside elementor-widget elementor-widget-global elementor-global-3709 elementor-widget-slides\" data-id=\"9361f8c\" data-element_type=\"widget\" data-settings=\"{&quot;navigation&quot;:&quot;arrows&quot;,&quot;transition&quot;:&quot;fade&quot;,&quot;autoplay&quot;:&quot;yes&quot;,&quot;pause_on_hover&quot;:&quot;yes&quot;,&quot;pause_on_interaction&quot;:&quot;yes&quot;,&quot;autoplay_speed&quot;:5000,&quot;infinite&quot;:&quot;yes&quot;,&quot;transition_speed&quot;:500}\" data-widget_type=\"slides.default\">\n\t\t\t\t<div class=\"elementor-widget-container\">\n\t\t\t\t\t\t\t\t\t<div class=\"elementor-swiper\">\n\t\t\t\t\t<div class=\"elementor-slides-wrapper elementor-main-swiper swiper\" role=\"region\" aria-roledescription=\"carousel\" aria-label=\"Slides\" dir=\"ltr\" data-animation=\"fadeInUp\">\n\t\t\t\t<div class=\"swiper-wrapper elementor-slides\">\n\t\t\t\t\t\t\t\t\t\t<div class=\"elementor-repeater-item-7c55998 swiper-slide\" role=\"group\" aria-roledescription=\"slide\"><div class=\"swiper-slide-bg elementor-ken-burns elementor-ken-burns--in\" role=\"img\"><\/div><div class=\"elementor-background-overlay\"><\/div><div class=\"swiper-slide-inner\" ><div class=\"swiper-slide-contents\"><div class=\"elementor-slide-heading\">BIENVENIDOS<\/div><div class=\"elementor-slide-description\">Di\u00f3cesis de San Marcos de Arica<\/div><\/div><\/div><\/div><div class=\"elementor-repeater-item-2c03358 swiper-slide\" role=\"group\" aria-roledescription=\"slide\"><div class=\"swiper-slide-bg elementor-ken-burns elementor-ken-burns--in\" role=\"img\"><\/div><div class=\"elementor-background-overlay\"><\/div><a class=\"swiper-slide-inner\" href=\"https:\/\/obispadoarica.cl\/home\/subsidio-de-cuaresma-2026\/\"><div class=\"swiper-slide-contents\"><\/div><\/a><\/div><div class=\"elementor-repeater-item-d87b036 swiper-slide\" role=\"group\" aria-roledescription=\"slide\"><div class=\"swiper-slide-bg elementor-ken-burns elementor-ken-burns--in\" role=\"img\"><\/div><a class=\"swiper-slide-inner\" href=\"https:\/\/obispadoarica.cl\/home\/boletin\/\"><div class=\"swiper-slide-contents\"><div  class=\"elementor-button elementor-slide-button elementor-size-sm\">Haga  click aqui<\/div><\/div><\/a><\/div><div class=\"elementor-repeater-item-11b692a swiper-slide\" role=\"group\" aria-roledescription=\"slide\"><div class=\"swiper-slide-bg elementor-ken-burns elementor-ken-burns--in\" role=\"img\"><\/div><div class=\"elementor-background-overlay\"><\/div><a class=\"swiper-slide-inner\" href=\"https:\/\/obispadoarica.cl\/home\/boletin-mayo-2026\/\"><div class=\"swiper-slide-contents\"><div class=\"elementor-slide-heading\">Bolet\u00edn Mensual Mayo 2026<\/div><div class=\"elementor-slide-description\">Disfruta nuestro Bolet\u00edn.<\/div><div  class=\"elementor-button elementor-slide-button elementor-size-sm\">Revisalo Aqu\u00ed<\/div><\/div><\/a><\/div><div class=\"elementor-repeater-item-927908a swiper-slide\" role=\"group\" aria-roledescription=\"slide\"><div class=\"swiper-slide-bg elementor-ken-burns elementor-ken-burns--out\" role=\"img\"><\/div><div class=\"elementor-background-overlay\"><\/div><a class=\"swiper-slide-inner\" href=\"http:\/\/www.unoporciento.cl\/\" target=\"_blank\"><div class=\"swiper-slide-contents\"><\/div><\/a><\/div><div class=\"elementor-repeater-item-8bd64cf swiper-slide\" role=\"group\" aria-roledescription=\"slide\"><div class=\"swiper-slide-bg elementor-ken-burns elementor-ken-burns--out\" role=\"img\"><\/div><a class=\"swiper-slide-inner\" href=\"https:\/\/obispadoarica.cl\/home\/documentos\/\"><div class=\"swiper-slide-contents\"><\/div><\/a><\/div><div class=\"elementor-repeater-item-dcf13d5 swiper-slide\" role=\"group\" aria-roledescription=\"slide\"><div class=\"swiper-slide-bg elementor-ken-burns elementor-ken-burns--out\" role=\"img\"><\/div><div class=\"swiper-slide-inner\" ><div class=\"swiper-slide-contents\"><\/div><\/div><\/div>\t\t\t\t<\/div>\n\t\t\t\t\t\t\t\t\t\t\t\t\t\t\t<div class=\"elementor-swiper-button elementor-swiper-button-prev\" role=\"button\" tabindex=\"0\" aria-label=\"Previous slide\">\n\t\t\t\t\t\t\t<i aria-hidden=\"true\" class=\"eicon-chevron-left\"><\/i>\t\t\t\t\t\t<\/div>\n\t\t\t\t\t\t<div class=\"elementor-swiper-button elementor-swiper-button-next\" role=\"button\" tabindex=\"0\" aria-label=\"Next slide\">\n\t\t\t\t\t\t\t<i aria-hidden=\"true\" class=\"eicon-chevron-right\"><\/i>\t\t\t\t\t\t<\/div>\n\t\t\t\t\t\t\t\t\t\t\t\t\t\t\t\t\t<\/div>\n\t\t\t\t<\/div>\n\t\t\t\t\t\t\t\t<\/div>\n\t\t\t\t<\/div>\n\t\t\t\t\t<\/div>\n\t\t<\/div>\n\t\t\t\t\t<\/div>\n\t\t<\/section>\n\t\t\t\t<section class=\"elementor-section elementor-top-section elementor-element elementor-element-3f9b616 elementor-section-boxed elementor-section-height-default elementor-section-height-default\" data-id=\"3f9b616\" data-element_type=\"section\">\n\t\t\t\t\t\t<div class=\"elementor-container elementor-column-gap-default\">\n\t\t\t\t\t<div class=\"elementor-column elementor-col-100 elementor-top-column elementor-element elementor-element-15081ea\" data-id=\"15081ea\" data-element_type=\"column\">\n\t\t\t<div class=\"elementor-widget-wrap elementor-element-populated\">\n\t\t\t\t\t\t<div class=\"elementor-element elementor-element-23d6b16 elementor-widget elementor-widget-spacer\" data-id=\"23d6b16\" data-element_type=\"widget\" data-widget_type=\"spacer.default\">\n\t\t\t\t<div class=\"elementor-widget-container\">\n\t\t\t\t\t\t\t<div class=\"elementor-spacer\">\n\t\t\t<div class=\"elementor-spacer-inner\"><\/div>\n\t\t<\/div>\n\t\t\t\t\t\t<\/div>\n\t\t\t\t<\/div>\n\t\t\t\t\t<\/div>\n\t\t<\/div>\n\t\t\t\t\t<\/div>\n\t\t<\/section>\n\t\t\t\t<section class=\"elementor-section elementor-top-section elementor-element elementor-element-caf038f elementor-section-boxed elementor-section-height-default elementor-section-height-default\" data-id=\"caf038f\" data-element_type=\"section\">\n\t\t\t\t\t\t<div class=\"elementor-container elementor-column-gap-default\">\n\t\t\t\t\t<div class=\"elementor-column elementor-col-100 elementor-top-column elementor-element elementor-element-bc4459d\" data-id=\"bc4459d\" data-element_type=\"column\">\n\t\t\t<div class=\"elementor-widget-wrap elementor-element-populated\">\n\t\t\t\t\t\t<div class=\"elementor-element elementor-element-828795e elementor-widget elementor-widget-heading\" data-id=\"828795e\" data-element_type=\"widget\" data-widget_type=\"heading.default\">\n\t\t\t\t<div class=\"elementor-widget-container\">\n\t\t\t\t\t<h2 class=\"elementor-heading-title elementor-size-default\">Nuestros Religiosos<\/h2>\t\t\t\t<\/div>\n\t\t\t\t<\/div>\n\t\t\t\t<section class=\"elementor-section elementor-inner-section elementor-element elementor-element-9becc7d elementor-section-boxed elementor-section-height-default elementor-section-height-default\" data-id=\"9becc7d\" data-element_type=\"section\">\n\t\t\t\t\t\t<div class=\"elementor-container elementor-column-gap-default\">\n\t\t\t\t\t<div class=\"elementor-column elementor-col-25 elementor-inner-column elementor-element elementor-element-226b0aa\" data-id=\"226b0aa\" data-element_type=\"column\">\n\t\t\t<div class=\"elementor-widget-wrap elementor-element-populated\">\n\t\t\t\t\t\t<div class=\"elementor-element elementor-element-17d0718 elementor-widget elementor-widget-image\" data-id=\"17d0718\" data-element_type=\"widget\" data-widget_type=\"image.default\">\n\t\t\t\t<div class=\"elementor-widget-container\">\n\t\t\t\t\t\t\t\t\t\t\t\t\t\t\t<img decoding=\"async\" width=\"110\" height=\"111\" src=\"https:\/\/obispadoarica.cl\/home\/wp-content\/uploads\/2026\/02\/sacerdotes-jesuitas-logo.png\" class=\"attachment-large size-large wp-image-4553\" alt=\"\" \/>\t\t\t\t\t\t\t\t\t\t\t\t\t\t\t<\/div>\n\t\t\t\t<\/div>\n\t\t\t\t\t<\/div>\n\t\t<\/div>\n\t\t\t\t<div class=\"elementor-column elementor-col-25 elementor-inner-column elementor-element elementor-element-c16e00a\" data-id=\"c16e00a\" data-element_type=\"column\">\n\t\t\t<div class=\"elementor-widget-wrap elementor-element-populated\">\n\t\t\t\t\t\t<div class=\"elementor-element elementor-element-182670c elementor-widget elementor-widget-heading\" data-id=\"182670c\" data-element_type=\"widget\" data-widget_type=\"heading.default\">\n\t\t\t\t<div class=\"elementor-widget-container\">\n\t\t\t\t\t<h4 class=\"elementor-heading-title elementor-size-default\">SACERDOTES JESUITAS\n<\/h4>\t\t\t\t<\/div>\n\t\t\t\t<\/div>\n\t\t\t\t<div class=\"elementor-element elementor-element-cdb2022 elementor-widget elementor-widget-text-editor\" data-id=\"cdb2022\" data-element_type=\"widget\" data-widget_type=\"text-editor.default\">\n\t\t\t\t<div class=\"elementor-widget-container\">\n\t\t\t\t\t\t\t\t\t<p>Pbro. Juan Vald\u00e9s Vald\u00e9s, SJ.<\/p><p>Fecha Ordenaci\u00f3n:15-12-1973<\/p><p>Email: juan.vlades@csi.cl<\/p>\t\t\t\t\t\t\t\t<\/div>\n\t\t\t\t<\/div>\n\t\t\t\t\t<\/div>\n\t\t<\/div>\n\t\t\t\t<div class=\"elementor-column elementor-col-25 elementor-inner-column elementor-element elementor-element-575ddee\" data-id=\"575ddee\" data-element_type=\"column\">\n\t\t\t<div class=\"elementor-widget-wrap elementor-element-populated\">\n\t\t\t\t\t\t<div class=\"elementor-element elementor-element-fa3ba7b elementor-widget elementor-widget-text-editor\" data-id=\"fa3ba7b\" data-element_type=\"widget\" data-widget_type=\"text-editor.default\">\n\t\t\t\t<div class=\"elementor-widget-container\">\n\t\t\t\t\t\t\t\t\t<p>Pbro. Cristian Contreras Lazo, SJ.<\/p><p>Fecha Ordenaci\u00f3n: 13-12-2013<\/p><p>Email: ccontrerassj@gmail.com<\/p>\t\t\t\t\t\t\t\t<\/div>\n\t\t\t\t<\/div>\n\t\t\t\t\t<\/div>\n\t\t<\/div>\n\t\t\t\t<div class=\"elementor-column elementor-col-25 elementor-inner-column elementor-element elementor-element-0841de6\" data-id=\"0841de6\" data-element_type=\"column\">\n\t\t\t<div class=\"elementor-widget-wrap elementor-element-populated\">\n\t\t\t\t\t\t<div class=\"elementor-element elementor-element-7548f6a elementor-widget elementor-widget-text-editor\" data-id=\"7548f6a\" data-element_type=\"widget\" data-widget_type=\"text-editor.default\">\n\t\t\t\t<div class=\"elementor-widget-container\">\n\t\t\t\t\t\t\t\t\t<p>Pbro. N\u00e9lson Pe\u00f1a Antil, SJ. (*)<\/p><p>Fecha Ordenaci\u00f3n: 08-08-2008<\/p><p>Email: npenasj@gmail.com<\/p>\t\t\t\t\t\t\t\t<\/div>\n\t\t\t\t<\/div>\n\t\t\t\t\t<\/div>\n\t\t<\/div>\n\t\t\t\t\t<\/div>\n\t\t<\/section>\n\t\t\t\t<section class=\"elementor-section elementor-inner-section elementor-element elementor-element-bb08aa4 elementor-section-boxed elementor-section-height-default elementor-section-height-default\" data-id=\"bb08aa4\" data-element_type=\"section\">\n\t\t\t\t\t\t<div class=\"elementor-container elementor-column-gap-default\">\n\t\t\t\t\t<div class=\"elementor-column elementor-col-50 elementor-inner-column elementor-element elementor-element-fb9587d\" data-id=\"fb9587d\" data-element_type=\"column\">\n\t\t\t<div class=\"elementor-widget-wrap\">\n\t\t\t\t\t\t\t<\/div>\n\t\t<\/div>\n\t\t\t\t<div class=\"elementor-column elementor-col-50 elementor-inner-column elementor-element elementor-element-4f33bf3\" data-id=\"4f33bf3\" data-element_type=\"column\">\n\t\t\t<div class=\"elementor-widget-wrap elementor-element-populated\">\n\t\t\t\t\t\t<div class=\"elementor-element elementor-element-bdbbaee elementor-widget elementor-widget-heading\" data-id=\"bdbbaee\" data-element_type=\"widget\" data-widget_type=\"heading.default\">\n\t\t\t\t<div class=\"elementor-widget-container\">\n\t\t\t\t\t<h4 class=\"elementor-heading-title elementor-size-default\">SACERDOTES DE SAN CARLOS - SCALABRINIANOS\n<\/h4>\t\t\t\t<\/div>\n\t\t\t\t<\/div>\n\t\t\t\t\t<\/div>\n\t\t<\/div>\n\t\t\t\t\t<\/div>\n\t\t<\/section>\n\t\t\t\t<section class=\"elementor-section elementor-inner-section elementor-element elementor-element-13ff06d elementor-section-boxed elementor-section-height-default elementor-section-height-default\" data-id=\"13ff06d\" data-element_type=\"section\">\n\t\t\t\t\t\t<div class=\"elementor-container elementor-column-gap-default\">\n\t\t\t\t\t<div class=\"elementor-column elementor-col-33 elementor-inner-column elementor-element elementor-element-30389d7\" data-id=\"30389d7\" data-element_type=\"column\">\n\t\t\t<div class=\"elementor-widget-wrap elementor-element-populated\">\n\t\t\t\t\t\t<div class=\"elementor-element elementor-element-ea278fb elementor-widget elementor-widget-image\" data-id=\"ea278fb\" data-element_type=\"widget\" data-widget_type=\"image.default\">\n\t\t\t\t<div class=\"elementor-widget-container\">\n\t\t\t\t\t\t\t\t\t\t\t\t\t\t\t<img decoding=\"async\" width=\"146\" height=\"146\" src=\"https:\/\/obispadoarica.cl\/home\/wp-content\/uploads\/2026\/02\/sacerdotes-jesuitas-logo-1.png\" class=\"attachment-large size-large wp-image-4554\" alt=\"\" \/>\t\t\t\t\t\t\t\t\t\t\t\t\t\t\t<\/div>\n\t\t\t\t<\/div>\n\t\t\t\t\t<\/div>\n\t\t<\/div>\n\t\t\t\t<div class=\"elementor-column elementor-col-33 elementor-inner-column elementor-element elementor-element-9a7532e\" data-id=\"9a7532e\" data-element_type=\"column\">\n\t\t\t<div class=\"elementor-widget-wrap elementor-element-populated\">\n\t\t\t\t\t\t<div class=\"elementor-element elementor-element-caffe96 elementor-widget elementor-widget-text-editor\" data-id=\"caffe96\" data-element_type=\"widget\" data-widget_type=\"text-editor.default\">\n\t\t\t\t<div class=\"elementor-widget-container\">\n\t\t\t\t\t\t\t\t\t<p>Pbro. Berwanger Lirio Ant\u00f4nio<\/p><p>Fecha Ordenaci\u00f3n: 09-03-1997<\/p><p>Email: padrelirio@fundacionscalabrini.cl<\/p>\t\t\t\t\t\t\t\t<\/div>\n\t\t\t\t<\/div>\n\t\t\t\t\t<\/div>\n\t\t<\/div>\n\t\t\t\t<div class=\"elementor-column elementor-col-33 elementor-inner-column elementor-element elementor-element-2f52007\" data-id=\"2f52007\" data-element_type=\"column\">\n\t\t\t<div class=\"elementor-widget-wrap elementor-element-populated\">\n\t\t\t\t\t\t<div class=\"elementor-element elementor-element-2d06b5b elementor-widget__width-initial elementor-widget elementor-widget-text-editor\" data-id=\"2d06b5b\" data-element_type=\"widget\" data-widget_type=\"text-editor.default\">\n\t\t\t\t<div class=\"elementor-widget-container\">\n\t\t\t\t\t\t\t\t\t<p>Pbro. Sarj\u00f3n Maksimus Ensi<\/p><p>Fecha Ordenaci\u00f3n: 27-08-2015<\/p><p>Email: maks80sarjon@yahoo.com<\/p>\t\t\t\t\t\t\t\t<\/div>\n\t\t\t\t<\/div>\n\t\t\t\t\t<\/div>\n\t\t<\/div>\n\t\t\t\t\t<\/div>\n\t\t<\/section>\n\t\t\t\t\t<\/div>\n\t\t<\/div>\n\t\t\t\t\t<\/div>\n\t\t<\/section>\n\t\t\t\t<\/div>\n\t\t","protected":false},"excerpt":{"rendered":"<p>BIENVENIDOSDi\u00f3cesis de San Marcos de AricaHaga click aquiBolet\u00edn Mensual Enero 2026Disfruta nuestro Bolet\u00edn.Revisalo Aqu\u00ed Nuestros Religiosos SACERDOTES JESUITAS Pbro. Juan Vald\u00e9s Vald\u00e9s, SJ. Fecha Ordenaci\u00f3n:15-12-1973 Email: juan.vlades@csi.cl Pbro. Cristian Contreras Lazo, SJ. Fecha Ordenaci\u00f3n: 13-12-2013 Email: ccontrerassj@gmail.com Pbro. N\u00e9lson Pe\u00f1a Antil, SJ. (*) Fecha Ordenaci\u00f3n: 08-08-2008 Email: npenasj@gmail.com SACERDOTES DE SAN CARLOS &#8211; SCALABRINIANOS Pbro. [&#8230;]\n","protected":false},"author":2,"featured_media":0,"parent":0,"menu_order":0,"comment_status":"closed","ping_status":"closed","template":"","meta":{"footnotes":""},"class_list":["post-2489","page","type-page","status-publish","hentry"],"yoast_head":"<!-- This site is optimized with the Yoast SEO plugin v24.6 - https:\/\/yoast.com\/wordpress\/plugins\/seo\/ -->\n<title>Nuestros Religiosos - Obispado San Marcos de Arica<\/title>\n<meta name=\"robots\" content=\"index, follow, max-snippet:-1, max-image-preview:large, max-video-preview:-1\" \/>\n<link rel=\"canonical\" href=\"https:\/\/obispadoarica.cl\/home\/elementor-2489\/\" \/>\n<meta property=\"og:locale\" content=\"es_ES\" \/>\n<meta property=\"og:type\" content=\"article\" \/>\n<meta property=\"og:title\" content=\"Nuestros Religiosos - Obispado San Marcos de Arica\" \/>\n<meta property=\"og:description\" content=\"BIENVENIDOSDi\u00f3cesis de San Marcos de AricaHaga click aquiBolet\u00edn Mensual Enero 2026Disfruta nuestro Bolet\u00edn.Revisalo Aqu\u00ed Nuestros Religiosos SACERDOTES JESUITAS Pbro. Juan Vald\u00e9s Vald\u00e9s, SJ. Fecha Ordenaci\u00f3n:15-12-1973 Email: juan.vlades@csi.cl Pbro. Cristian Contreras Lazo, SJ. Fecha Ordenaci\u00f3n: 13-12-2013 Email: ccontrerassj@gmail.com Pbro. N\u00e9lson Pe\u00f1a Antil, SJ. (*) Fecha Ordenaci\u00f3n: 08-08-2008 Email: npenasj@gmail.com SACERDOTES DE SAN CARLOS &#8211; SCALABRINIANOS Pbro. [...]\" \/>\n<meta property=\"og:url\" content=\"https:\/\/obispadoarica.cl\/home\/elementor-2489\/\" \/>\n<meta property=\"og:site_name\" content=\"Obispado San Marcos de Arica\" \/>\n<meta property=\"article:modified_time\" content=\"2026-02-01T20:51:58+00:00\" \/>\n<meta property=\"og:image\" content=\"https:\/\/obispadoarica.cl\/home\/wp-content\/uploads\/2026\/02\/sacerdotes-jesuitas-logo.png\" \/>\n\t<meta property=\"og:image:width\" content=\"110\" \/>\n\t<meta property=\"og:image:height\" content=\"111\" \/>\n\t<meta property=\"og:image:type\" content=\"image\/png\" \/>\n<meta name=\"twitter:card\" content=\"summary_large_image\" \/>\n<meta name=\"twitter:label1\" content=\"Tiempo de lectura\" \/>\n\t<meta name=\"twitter:data1\" content=\"1 minuto\" \/>\n<script type=\"application\/ld+json\" class=\"yoast-schema-graph\">{\"@context\":\"https:\/\/schema.org\",\"@graph\":[{\"@type\":\"WebPage\",\"@id\":\"https:\/\/obispadoarica.cl\/home\/elementor-2489\/\",\"url\":\"https:\/\/obispadoarica.cl\/home\/elementor-2489\/\",\"name\":\"Nuestros Religiosos - Obispado San Marcos de Arica\",\"isPartOf\":{\"@id\":\"https:\/\/obispadoarica.cl\/home\/#website\"},\"primaryImageOfPage\":{\"@id\":\"https:\/\/obispadoarica.cl\/home\/elementor-2489\/#primaryimage\"},\"image\":{\"@id\":\"https:\/\/obispadoarica.cl\/home\/elementor-2489\/#primaryimage\"},\"thumbnailUrl\":\"https:\/\/obispadoarica.cl\/home\/wp-content\/uploads\/2026\/02\/sacerdotes-jesuitas-logo.png\",\"datePublished\":\"2024-05-15T20:13:28+00:00\",\"dateModified\":\"2026-02-01T20:51:58+00:00\",\"breadcrumb\":{\"@id\":\"https:\/\/obispadoarica.cl\/home\/elementor-2489\/#breadcrumb\"},\"inLanguage\":\"es\",\"potentialAction\":[{\"@type\":\"ReadAction\",\"target\":[\"https:\/\/obispadoarica.cl\/home\/elementor-2489\/\"]}]},{\"@type\":\"ImageObject\",\"inLanguage\":\"es\",\"@id\":\"https:\/\/obispadoarica.cl\/home\/elementor-2489\/#primaryimage\",\"url\":\"https:\/\/obispadoarica.cl\/home\/wp-content\/uploads\/2026\/02\/sacerdotes-jesuitas-logo.png\",\"contentUrl\":\"https:\/\/obispadoarica.cl\/home\/wp-content\/uploads\/2026\/02\/sacerdotes-jesuitas-logo.png\",\"width\":110,\"height\":111},{\"@type\":\"BreadcrumbList\",\"@id\":\"https:\/\/obispadoarica.cl\/home\/elementor-2489\/#breadcrumb\",\"itemListElement\":[{\"@type\":\"ListItem\",\"position\":1,\"name\":\"Portada\",\"item\":\"https:\/\/obispadoarica.cl\/home\/\"},{\"@type\":\"ListItem\",\"position\":2,\"name\":\"Nuestros Religiosos\"}]},{\"@type\":\"WebSite\",\"@id\":\"https:\/\/obispadoarica.cl\/home\/#website\",\"url\":\"https:\/\/obispadoarica.cl\/home\/\",\"name\":\"Obispado San Marcos de Arica\",\"description\":\"Di\u00f3cesis San Marcos de Arica\",\"potentialAction\":[{\"@type\":\"SearchAction\",\"target\":{\"@type\":\"EntryPoint\",\"urlTemplate\":\"https:\/\/obispadoarica.cl\/home\/?s={search_term_string}\"},\"query-input\":{\"@type\":\"PropertyValueSpecification\",\"valueRequired\":true,\"valueName\":\"search_term_string\"}}],\"inLanguage\":\"es\"}]}<\/script>\n<!-- \/ Yoast SEO plugin. -->","yoast_head_json":{"title":"Nuestros Religiosos - Obispado San Marcos de Arica","robots":{"index":"index","follow":"follow","max-snippet":"max-snippet:-1","max-image-preview":"max-image-preview:large","max-video-preview":"max-video-preview:-1"},"canonical":"https:\/\/obispadoarica.cl\/home\/elementor-2489\/","og_locale":"es_ES","og_type":"article","og_title":"Nuestros Religiosos - Obispado San Marcos de Arica","og_description":"BIENVENIDOSDi\u00f3cesis de San Marcos de AricaHaga click aquiBolet\u00edn Mensual Enero 2026Disfruta nuestro Bolet\u00edn.Revisalo Aqu\u00ed Nuestros Religiosos SACERDOTES JESUITAS Pbro. Juan Vald\u00e9s Vald\u00e9s, SJ. Fecha Ordenaci\u00f3n:15-12-1973 Email: juan.vlades@csi.cl Pbro. Cristian Contreras Lazo, SJ. Fecha Ordenaci\u00f3n: 13-12-2013 Email: ccontrerassj@gmail.com Pbro. N\u00e9lson Pe\u00f1a Antil, SJ. (*) Fecha Ordenaci\u00f3n: 08-08-2008 Email: npenasj@gmail.com SACERDOTES DE SAN CARLOS &#8211; SCALABRINIANOS Pbro. [...]","og_url":"https:\/\/obispadoarica.cl\/home\/elementor-2489\/","og_site_name":"Obispado San Marcos de Arica","article_modified_time":"2026-02-01T20:51:58+00:00","og_image":[{"width":110,"height":111,"url":"https:\/\/obispadoarica.cl\/home\/wp-content\/uploads\/2026\/02\/sacerdotes-jesuitas-logo.png","type":"image\/png"}],"twitter_card":"summary_large_image","twitter_misc":{"Tiempo de lectura":"1 minuto"},"schema":{"@context":"https:\/\/schema.org","@graph":[{"@type":"WebPage","@id":"https:\/\/obispadoarica.cl\/home\/elementor-2489\/","url":"https:\/\/obispadoarica.cl\/home\/elementor-2489\/","name":"Nuestros Religiosos - Obispado San Marcos de Arica","isPartOf":{"@id":"https:\/\/obispadoarica.cl\/home\/#website"},"primaryImageOfPage":{"@id":"https:\/\/obispadoarica.cl\/home\/elementor-2489\/#primaryimage"},"image":{"@id":"https:\/\/obispadoarica.cl\/home\/elementor-2489\/#primaryimage"},"thumbnailUrl":"https:\/\/obispadoarica.cl\/home\/wp-content\/uploads\/2026\/02\/sacerdotes-jesuitas-logo.png","datePublished":"2024-05-15T20:13:28+00:00","dateModified":"2026-02-01T20:51:58+00:00","breadcrumb":{"@id":"https:\/\/obispadoarica.cl\/home\/elementor-2489\/#breadcrumb"},"inLanguage":"es","potentialAction":[{"@type":"ReadAction","target":["https:\/\/obispadoarica.cl\/home\/elementor-2489\/"]}]},{"@type":"ImageObject","inLanguage":"es","@id":"https:\/\/obispadoarica.cl\/home\/elementor-2489\/#primaryimage","url":"https:\/\/obispadoarica.cl\/home\/wp-content\/uploads\/2026\/02\/sacerdotes-jesuitas-logo.png","contentUrl":"https:\/\/obispadoarica.cl\/home\/wp-content\/uploads\/2026\/02\/sacerdotes-jesuitas-logo.png","width":110,"height":111},{"@type":"BreadcrumbList","@id":"https:\/\/obispadoarica.cl\/home\/elementor-2489\/#breadcrumb","itemListElement":[{"@type":"ListItem","position":1,"name":"Portada","item":"https:\/\/obispadoarica.cl\/home\/"},{"@type":"ListItem","position":2,"name":"Nuestros Religiosos"}]},{"@type":"WebSite","@id":"https:\/\/obispadoarica.cl\/home\/#website","url":"https:\/\/obispadoarica.cl\/home\/","name":"Obispado San Marcos de Arica","description":"Di\u00f3cesis San Marcos de Arica","potentialAction":[{"@type":"SearchAction","target":{"@type":"EntryPoint","urlTemplate":"https:\/\/obispadoarica.cl\/home\/?s={search_term_string}"},"query-input":{"@type":"PropertyValueSpecification","valueRequired":true,"valueName":"search_term_string"}}],"inLanguage":"es"}]}},"_links":{"self":[{"href":"https:\/\/obispadoarica.cl\/home\/wp-json\/wp\/v2\/pages\/2489","targetHints":{"allow":["GET"]}}],"collection":[{"href":"https:\/\/obispadoarica.cl\/home\/wp-json\/wp\/v2\/pages"}],"about":[{"href":"https:\/\/obispadoarica.cl\/home\/wp-json\/wp\/v2\/types\/page"}],"author":[{"embeddable":true,"href":"https:\/\/obispadoarica.cl\/home\/wp-json\/wp\/v2\/users\/2"}],"replies":[{"embeddable":true,"href":"https:\/\/obispadoarica.cl\/home\/wp-json\/wp\/v2\/comments?post=2489"}],"version-history":[{"count":23,"href":"https:\/\/obispadoarica.cl\/home\/wp-json\/wp\/v2\/pages\/2489\/revisions"}],"predecessor-version":[{"id":4560,"href":"https:\/\/obispadoarica.cl\/home\/wp-json\/wp\/v2\/pages\/2489\/revisions\/4560"}],"wp:attachment":[{"href":"https:\/\/obispadoarica.cl\/home\/wp-json\/wp\/v2\/media?parent=2489"}],"curies":[{"name":"wp","href":"https:\/\/api.w.org\/{rel}","templated":true}]}}