{"id":358,"date":"2022-03-08T04:35:14","date_gmt":"2022-03-08T04:35:14","guid":{"rendered":"https:\/\/obispadoarica.cl\/home\/?page_id=358"},"modified":"2026-02-04T18:20:58","modified_gmt":"2026-02-04T22:20:58","slug":"nuestro-pastor","status":"publish","type":"page","link":"https:\/\/obispadoarica.cl\/home\/nuestro-pastor\/","title":{"rendered":"Nuestro Pastor"},"content":{"rendered":"\t\t<div data-elementor-type=\"wp-page\" data-elementor-id=\"358\" class=\"elementor elementor-358\" data-elementor-post-type=\"page\">\n\t\t\t\t\t\t<section class=\"elementor-section elementor-top-section elementor-element elementor-element-d631917 elementor-section-full_width elementor-section-stretched elementor-section-height-default elementor-section-height-default\" data-id=\"d631917\" data-element_type=\"section\" data-settings=\"{&quot;stretch_section&quot;:&quot;section-stretched&quot;}\">\n\t\t\t\t\t\t<div class=\"elementor-container elementor-column-gap-no\">\n\t\t\t\t\t<div class=\"elementor-column elementor-col-100 elementor-top-column elementor-element elementor-element-1e7ad14\" data-id=\"1e7ad14\" data-element_type=\"column\">\n\t\t\t<div class=\"elementor-widget-wrap elementor-element-populated\">\n\t\t\t\t\t\t<div class=\"elementor-element elementor-element-84a208e elementor--h-position-center elementor--v-position-middle elementor-arrows-position-inside elementor-widget elementor-widget-global elementor-global-3709 elementor-widget-slides\" data-id=\"84a208e\" data-element_type=\"widget\" data-settings=\"{&quot;navigation&quot;:&quot;arrows&quot;,&quot;transition&quot;:&quot;fade&quot;,&quot;autoplay&quot;:&quot;yes&quot;,&quot;pause_on_hover&quot;:&quot;yes&quot;,&quot;pause_on_interaction&quot;:&quot;yes&quot;,&quot;autoplay_speed&quot;:5000,&quot;infinite&quot;:&quot;yes&quot;,&quot;transition_speed&quot;:500}\" data-widget_type=\"slides.default\">\n\t\t\t\t<div class=\"elementor-widget-container\">\n\t\t\t\t\t\t\t\t\t<div class=\"elementor-swiper\">\n\t\t\t\t\t<div class=\"elementor-slides-wrapper elementor-main-swiper swiper\" role=\"region\" aria-roledescription=\"carousel\" aria-label=\"Slides\" dir=\"ltr\" data-animation=\"fadeInUp\">\n\t\t\t\t<div class=\"swiper-wrapper elementor-slides\">\n\t\t\t\t\t\t\t\t\t\t<div class=\"elementor-repeater-item-7c55998 swiper-slide\" role=\"group\" aria-roledescription=\"slide\"><div class=\"swiper-slide-bg elementor-ken-burns elementor-ken-burns--in\" role=\"img\"><\/div><div class=\"elementor-background-overlay\"><\/div><div class=\"swiper-slide-inner\" ><div class=\"swiper-slide-contents\"><div class=\"elementor-slide-heading\">BIENVENIDOS<\/div><div class=\"elementor-slide-description\">Di\u00f3cesis de San Marcos de Arica<\/div><\/div><\/div><\/div><div class=\"elementor-repeater-item-2c03358 swiper-slide\" role=\"group\" aria-roledescription=\"slide\"><div class=\"swiper-slide-bg elementor-ken-burns elementor-ken-burns--in\" role=\"img\"><\/div><div class=\"elementor-background-overlay\"><\/div><a class=\"swiper-slide-inner\" href=\"https:\/\/obispadoarica.cl\/home\/subsidio-de-cuaresma-2026\/\"><div class=\"swiper-slide-contents\"><\/div><\/a><\/div><div class=\"elementor-repeater-item-d87b036 swiper-slide\" role=\"group\" aria-roledescription=\"slide\"><div class=\"swiper-slide-bg elementor-ken-burns elementor-ken-burns--in\" role=\"img\"><\/div><a class=\"swiper-slide-inner\" href=\"https:\/\/obispadoarica.cl\/home\/boletin\/\"><div class=\"swiper-slide-contents\"><div  class=\"elementor-button elementor-slide-button elementor-size-sm\">Haga  click aqui<\/div><\/div><\/a><\/div><div class=\"elementor-repeater-item-11b692a swiper-slide\" role=\"group\" aria-roledescription=\"slide\"><div class=\"swiper-slide-bg elementor-ken-burns elementor-ken-burns--in\" role=\"img\"><\/div><div class=\"elementor-background-overlay\"><\/div><a class=\"swiper-slide-inner\" href=\"https:\/\/obispadoarica.cl\/home\/boletin-mayo-2026\/\"><div class=\"swiper-slide-contents\"><div class=\"elementor-slide-heading\">Bolet\u00edn Mensual Mayo 2026<\/div><div class=\"elementor-slide-description\">Disfruta nuestro Bolet\u00edn.<\/div><div  class=\"elementor-button elementor-slide-button elementor-size-sm\">Revisalo Aqu\u00ed<\/div><\/div><\/a><\/div><div class=\"elementor-repeater-item-927908a swiper-slide\" role=\"group\" aria-roledescription=\"slide\"><div class=\"swiper-slide-bg elementor-ken-burns elementor-ken-burns--out\" role=\"img\"><\/div><div class=\"elementor-background-overlay\"><\/div><a class=\"swiper-slide-inner\" href=\"http:\/\/www.unoporciento.cl\/\" target=\"_blank\"><div class=\"swiper-slide-contents\"><\/div><\/a><\/div><div class=\"elementor-repeater-item-8bd64cf swiper-slide\" role=\"group\" aria-roledescription=\"slide\"><div class=\"swiper-slide-bg elementor-ken-burns elementor-ken-burns--out\" role=\"img\"><\/div><a class=\"swiper-slide-inner\" href=\"https:\/\/obispadoarica.cl\/home\/documentos\/\"><div class=\"swiper-slide-contents\"><\/div><\/a><\/div><div class=\"elementor-repeater-item-dcf13d5 swiper-slide\" role=\"group\" aria-roledescription=\"slide\"><div class=\"swiper-slide-bg elementor-ken-burns elementor-ken-burns--out\" role=\"img\"><\/div><div class=\"swiper-slide-inner\" ><div class=\"swiper-slide-contents\"><\/div><\/div><\/div>\t\t\t\t<\/div>\n\t\t\t\t\t\t\t\t\t\t\t\t\t\t\t<div class=\"elementor-swiper-button elementor-swiper-button-prev\" role=\"button\" tabindex=\"0\" aria-label=\"Previous slide\">\n\t\t\t\t\t\t\t<i aria-hidden=\"true\" class=\"eicon-chevron-left\"><\/i>\t\t\t\t\t\t<\/div>\n\t\t\t\t\t\t<div class=\"elementor-swiper-button elementor-swiper-button-next\" role=\"button\" tabindex=\"0\" aria-label=\"Next slide\">\n\t\t\t\t\t\t\t<i aria-hidden=\"true\" class=\"eicon-chevron-right\"><\/i>\t\t\t\t\t\t<\/div>\n\t\t\t\t\t\t\t\t\t\t\t\t\t\t\t\t\t<\/div>\n\t\t\t\t<\/div>\n\t\t\t\t\t\t\t\t<\/div>\n\t\t\t\t<\/div>\n\t\t\t\t\t<\/div>\n\t\t<\/div>\n\t\t\t\t\t<\/div>\n\t\t<\/section>\n\t\t\t\t<section class=\"elementor-section elementor-top-section elementor-element elementor-element-d0709d4 elementor-section-boxed elementor-section-height-default elementor-section-height-default\" data-id=\"d0709d4\" data-element_type=\"section\">\n\t\t\t\t\t\t<div class=\"elementor-container elementor-column-gap-default\">\n\t\t\t\t\t<div class=\"elementor-column elementor-col-100 elementor-top-column elementor-element elementor-element-fa5ac0e\" data-id=\"fa5ac0e\" data-element_type=\"column\">\n\t\t\t<div class=\"elementor-widget-wrap elementor-element-populated\">\n\t\t\t\t\t\t<div class=\"elementor-element elementor-element-16e98b4 elementor-widget elementor-widget-spacer\" data-id=\"16e98b4\" data-element_type=\"widget\" data-widget_type=\"spacer.default\">\n\t\t\t\t<div class=\"elementor-widget-container\">\n\t\t\t\t\t\t\t<div class=\"elementor-spacer\">\n\t\t\t<div class=\"elementor-spacer-inner\"><\/div>\n\t\t<\/div>\n\t\t\t\t\t\t<\/div>\n\t\t\t\t<\/div>\n\t\t\t\t\t<\/div>\n\t\t<\/div>\n\t\t\t\t\t<\/div>\n\t\t<\/section>\n\t\t\t\t<section class=\"elementor-section elementor-top-section elementor-element elementor-element-01c348c elementor-section-boxed elementor-section-height-default elementor-section-height-default\" data-id=\"01c348c\" data-element_type=\"section\">\n\t\t\t\t\t\t<div class=\"elementor-container elementor-column-gap-default\">\n\t\t\t\t\t<div class=\"elementor-column elementor-col-100 elementor-top-column elementor-element elementor-element-52bbbd8\" data-id=\"52bbbd8\" data-element_type=\"column\">\n\t\t\t<div class=\"elementor-widget-wrap elementor-element-populated\">\n\t\t\t\t\t\t<div class=\"elementor-element elementor-element-56a636f elementor-widget elementor-widget-heading\" data-id=\"56a636f\" data-element_type=\"widget\" data-widget_type=\"heading.default\">\n\t\t\t\t<div class=\"elementor-widget-container\">\n\t\t\t\t\t<h2 class=\"elementor-heading-title elementor-size-default\">Nuestro Pastor<\/h2>\t\t\t\t<\/div>\n\t\t\t\t<\/div>\n\t\t\t\t<div class=\"elementor-element elementor-element-484192b elementor-widget elementor-widget-spacer\" data-id=\"484192b\" data-element_type=\"widget\" data-widget_type=\"spacer.default\">\n\t\t\t\t<div class=\"elementor-widget-container\">\n\t\t\t\t\t\t\t<div class=\"elementor-spacer\">\n\t\t\t<div class=\"elementor-spacer-inner\"><\/div>\n\t\t<\/div>\n\t\t\t\t\t\t<\/div>\n\t\t\t\t<\/div>\n\t\t\t\t\t<\/div>\n\t\t<\/div>\n\t\t\t\t\t<\/div>\n\t\t<\/section>\n\t\t\t\t<section class=\"elementor-section elementor-top-section elementor-element elementor-element-ecfc31f elementor-section-boxed elementor-section-height-default elementor-section-height-default\" data-id=\"ecfc31f\" data-element_type=\"section\">\n\t\t\t\t\t\t<div class=\"elementor-container elementor-column-gap-default\">\n\t\t\t\t\t<div class=\"elementor-column elementor-col-50 elementor-top-column elementor-element elementor-element-2fcacf3\" data-id=\"2fcacf3\" data-element_type=\"column\">\n\t\t\t<div class=\"elementor-widget-wrap elementor-element-populated\">\n\t\t\t\t\t\t<div class=\"elementor-element elementor-element-819a90f elementor-widget elementor-widget-image\" data-id=\"819a90f\" data-element_type=\"widget\" data-widget_type=\"image.default\">\n\t\t\t\t<div class=\"elementor-widget-container\">\n\t\t\t\t\t\t\t\t\t\t\t\t\t\t\t<img fetchpriority=\"high\" decoding=\"async\" width=\"683\" height=\"1024\" src=\"https:\/\/obispadoarica.cl\/home\/wp-content\/uploads\/2026\/01\/WhatsApp-Image-2026-01-19-at-11.57.40-AM-683x1024.jpeg\" class=\"attachment-large size-large wp-image-4473\" alt=\"\" srcset=\"https:\/\/obispadoarica.cl\/home\/wp-content\/uploads\/2026\/01\/WhatsApp-Image-2026-01-19-at-11.57.40-AM-683x1024.jpeg 683w, https:\/\/obispadoarica.cl\/home\/wp-content\/uploads\/2026\/01\/WhatsApp-Image-2026-01-19-at-11.57.40-AM-200x300.jpeg 200w, https:\/\/obispadoarica.cl\/home\/wp-content\/uploads\/2026\/01\/WhatsApp-Image-2026-01-19-at-11.57.40-AM-768x1152.jpeg 768w, https:\/\/obispadoarica.cl\/home\/wp-content\/uploads\/2026\/01\/WhatsApp-Image-2026-01-19-at-11.57.40-AM.jpeg 1024w\" sizes=\"(max-width: 683px) 100vw, 683px\" \/>\t\t\t\t\t\t\t\t\t\t\t\t\t\t\t<\/div>\n\t\t\t\t<\/div>\n\t\t\t\t\t<\/div>\n\t\t<\/div>\n\t\t\t\t<div class=\"elementor-column elementor-col-50 elementor-top-column elementor-element elementor-element-b705aef\" data-id=\"b705aef\" data-element_type=\"column\">\n\t\t\t<div class=\"elementor-widget-wrap elementor-element-populated\">\n\t\t\t\t\t\t<section class=\"elementor-section elementor-inner-section elementor-element elementor-element-047e225 elementor-section-boxed elementor-section-height-default elementor-section-height-default\" data-id=\"047e225\" data-element_type=\"section\">\n\t\t\t\t\t\t<div class=\"elementor-container elementor-column-gap-default\">\n\t\t\t\t\t<div class=\"elementor-column elementor-col-50 elementor-inner-column elementor-element elementor-element-889947b\" data-id=\"889947b\" data-element_type=\"column\">\n\t\t\t<div class=\"elementor-widget-wrap elementor-element-populated\">\n\t\t\t\t\t\t<div class=\"elementor-element elementor-element-ff731b7 elementor-widget elementor-widget-text-editor\" data-id=\"ff731b7\" data-element_type=\"widget\" data-widget_type=\"text-editor.default\">\n\t\t\t\t<div class=\"elementor-widget-container\">\n\t\t\t\t\t\t\t\t\t<p><strong>Obispo de San Marcos de Arica<\/strong><\/p><p style=\"margin-top: 0pt; margin-bottom: 0pt; margin-left: 0in; direction: ltr; unicode-bidi: embed; word-break: normal;\"><span style=\"font-size: 12pt; font-family: Arial;\">Fecha Nacimiento: 27-02-1969<br \/>Fecha Ordenaci\u00f3n Sacerdotal: 14-12-1994<br \/>Fecha Ordenaci\u00f3n Episcopal: 17-01-2015<br \/>Contacto:\u00a0<\/span><span style=\"font-size: 12pt; font-family: Arial;\"><a href=\"mailto:arica@episcopado.cl\">arica@episcopado.cl<\/a><\/span><span style=\"font-size: 12pt; font-family: Arial;\"><br \/>Lema Episcopal: \u00ab<\/span><span style=\"font-size: 12pt; font-family: Arial; font-style: italic;\">Coraz\u00f3n a Dios y manos al trabajo\u00bb<\/span><\/p>\t\t\t\t\t\t\t\t<\/div>\n\t\t\t\t<\/div>\n\t\t\t\t\t<\/div>\n\t\t<\/div>\n\t\t\t\t<div class=\"elementor-column elementor-col-50 elementor-inner-column elementor-element elementor-element-f77e763\" data-id=\"f77e763\" data-element_type=\"column\">\n\t\t\t<div class=\"elementor-widget-wrap elementor-element-populated\">\n\t\t\t\t\t\t<div class=\"elementor-element elementor-element-4757e8a elementor-widget__width-initial elementor-widget elementor-widget-image\" data-id=\"4757e8a\" data-element_type=\"widget\" data-widget_type=\"image.default\">\n\t\t\t\t<div class=\"elementor-widget-container\">\n\t\t\t\t\t\t\t\t\t\t\t\t\t\t\t<img decoding=\"async\" width=\"513\" height=\"485\" src=\"https:\/\/obispadoarica.cl\/home\/wp-content\/uploads\/2026\/02\/Escudo-Episcopal-Mons.-Moises.png\" class=\"attachment-1536x1536 size-1536x1536 wp-image-4593\" alt=\"\" srcset=\"https:\/\/obispadoarica.cl\/home\/wp-content\/uploads\/2026\/02\/Escudo-Episcopal-Mons.-Moises.png 513w, https:\/\/obispadoarica.cl\/home\/wp-content\/uploads\/2026\/02\/Escudo-Episcopal-Mons.-Moises-300x284.png 300w\" sizes=\"(max-width: 513px) 100vw, 513px\" \/>\t\t\t\t\t\t\t\t\t\t\t\t\t\t\t<\/div>\n\t\t\t\t<\/div>\n\t\t\t\t\t<\/div>\n\t\t<\/div>\n\t\t\t\t\t<\/div>\n\t\t<\/section>\n\t\t\t\t<div class=\"elementor-element elementor-element-c288d0a elementor-widget elementor-widget-text-editor\" data-id=\"c288d0a\" data-element_type=\"widget\" data-widget_type=\"text-editor.default\">\n\t\t\t\t<div class=\"elementor-widget-container\">\n\t\t\t\t\t\t\t\t\t<p><\/p><p>El presb\u00edtero Mois\u00e9s Carlos Atisha Contreras naci\u00f3 en Santiago de Chile el 27 de febrero de 1969.<\/p>\n<p>Hizo sus estudios primarios y medios en el Colegio Hispano Americano. Ingres\u00f3 al Seminario Menor de la Orden de los Cl\u00e9rigos Regulares Pobres de la Madre de Dios de las Escuelas P\u00edas (Orden de los Padres Escolapios) para el postulantado, el noviciado y los estudios en vista al sacerdocio, que curs\u00f3 en la Facultad de Teolog\u00eda de la Pontificia Universidad Cat\u00f3lica de Chile.<\/p>\n<p>Despu\u00e9s del Noviciado, el 13 de marzo de 1988 hizo su primera profesi\u00f3n religiosa y el 8 de diciembre de 1993 hizo su profesi\u00f3n solemne.<\/p>\n<p>El 25 de marzo de 1994 fue ordenado di\u00e1cono en Santiago por Mons. Pablo Lizama Riquelme, entonces obispo de Melipilla y en la actualidad arzobispo em\u00e9rito de Antofagasta.<\/p>\n<p>El 14 de diciembre de 1994 recibi\u00f3 la ordenaci\u00f3n sacerdotal en la capilla del Colegio Hispano Americano en Santiago, de manos de Mons. Sergio Valech Aldunate, obispo auxiliar de Santiago de Chile.<\/p>\n<p>En su Instituto se ha desempe\u00f1ado en el \u00e1mbito educativo y como acompa\u00f1ante espiritual del Colegio Hispano Americano y Colegio Calasanz.<\/p>\n<p>El 21 de noviembre de 2014 ha sido nombrado Obispo de la di\u00f3cesis de San Marcos de Arica.<\/p>\n<p>Los Obispos de la conferencia episcopal lo eligieron, en el a\u00f1o 2018, para participar del s\u00ednodo sobre el s\u00ednodo de la juventud, sector pastoral que acompa\u00f1o desde 2015.<\/p>\n<p>El 17 de enero de 2015 ha sido ordenado por el Cardenal Ricardo Ezzati Andrello y concelebrado y concelebrado con el arzobispo Pablo Lizama y Sr. Nuncio Ivo Scapolo.<\/p>\n<p>Desde el 2021 a la fecha es presidente en \u00e1rea Pastoral Social Caritas, INCAMI y Caritas Chile.<\/p>\n<p>.<\/p>\t\t\t\t\t\t\t\t<\/div>\n\t\t\t\t<\/div>\n\t\t\t\t\t<\/div>\n\t\t<\/div>\n\t\t\t\t\t<\/div>\n\t\t<\/section>\n\t\t\t\t<\/div>\n\t\t","protected":false},"excerpt":{"rendered":"<p>BIENVENIDOSDi\u00f3cesis de San Marcos de AricaHaga click aquiBolet\u00edn Mensual Febrero 2026Disfruta nuestro Bolet\u00edn.Revisalo Aqu\u00ed Nuestro Pastor Obispo de San Marcos de Arica Fecha Nacimiento: 27-02-1969Fecha Ordenaci\u00f3n Sacerdotal: 14-12-1994Fecha Ordenaci\u00f3n Episcopal: 17-01-2015Contacto:\u00a0arica@episcopado.clLema Episcopal: \u00abCoraz\u00f3n a Dios y manos al trabajo\u00bb El presb\u00edtero Mois\u00e9s Carlos Atisha Contreras naci\u00f3 en Santiago de Chile el 27 de febrero de [&#8230;]\n","protected":false},"author":2,"featured_media":0,"parent":0,"menu_order":0,"comment_status":"closed","ping_status":"closed","template":"","meta":{"footnotes":""},"class_list":["post-358","page","type-page","status-publish","hentry"],"yoast_head":"<!-- This site is optimized with the Yoast SEO plugin v24.6 - https:\/\/yoast.com\/wordpress\/plugins\/seo\/ -->\n<title>Nuestro Pastor - Obispado San Marcos de Arica<\/title>\n<meta name=\"robots\" content=\"index, follow, max-snippet:-1, max-image-preview:large, max-video-preview:-1\" \/>\n<link rel=\"canonical\" href=\"https:\/\/obispadoarica.cl\/home\/nuestro-pastor\/\" \/>\n<meta property=\"og:locale\" content=\"es_ES\" \/>\n<meta property=\"og:type\" content=\"article\" \/>\n<meta property=\"og:title\" content=\"Nuestro Pastor - Obispado San Marcos de Arica\" \/>\n<meta property=\"og:description\" content=\"BIENVENIDOSDi\u00f3cesis de San Marcos de AricaHaga click aquiBolet\u00edn Mensual Febrero 2026Disfruta nuestro Bolet\u00edn.Revisalo Aqu\u00ed Nuestro Pastor Obispo de San Marcos de Arica Fecha Nacimiento: 27-02-1969Fecha Ordenaci\u00f3n Sacerdotal: 14-12-1994Fecha Ordenaci\u00f3n Episcopal: 17-01-2015Contacto:\u00a0arica@episcopado.clLema Episcopal: \u00abCoraz\u00f3n a Dios y manos al trabajo\u00bb El presb\u00edtero Mois\u00e9s Carlos Atisha Contreras naci\u00f3 en Santiago de Chile el 27 de febrero de [...]\" \/>\n<meta property=\"og:url\" content=\"https:\/\/obispadoarica.cl\/home\/nuestro-pastor\/\" \/>\n<meta property=\"og:site_name\" content=\"Obispado San Marcos de Arica\" \/>\n<meta property=\"article:modified_time\" content=\"2026-02-04T22:20:58+00:00\" \/>\n<meta property=\"og:image\" content=\"https:\/\/obispadoarica.cl\/home\/wp-content\/uploads\/2026\/01\/WhatsApp-Image-2026-01-19-at-11.57.40-AM.jpeg\" \/>\n\t<meta property=\"og:image:width\" content=\"1024\" \/>\n\t<meta property=\"og:image:height\" content=\"1536\" \/>\n\t<meta property=\"og:image:type\" content=\"image\/jpeg\" \/>\n<meta name=\"twitter:card\" content=\"summary_large_image\" \/>\n<meta name=\"twitter:label1\" content=\"Tiempo de lectura\" \/>\n\t<meta name=\"twitter:data1\" content=\"3 minutos\" \/>\n<script type=\"application\/ld+json\" class=\"yoast-schema-graph\">{\"@context\":\"https:\/\/schema.org\",\"@graph\":[{\"@type\":\"WebPage\",\"@id\":\"https:\/\/obispadoarica.cl\/home\/nuestro-pastor\/\",\"url\":\"https:\/\/obispadoarica.cl\/home\/nuestro-pastor\/\",\"name\":\"Nuestro Pastor - Obispado San Marcos de Arica\",\"isPartOf\":{\"@id\":\"https:\/\/obispadoarica.cl\/home\/#website\"},\"primaryImageOfPage\":{\"@id\":\"https:\/\/obispadoarica.cl\/home\/nuestro-pastor\/#primaryimage\"},\"image\":{\"@id\":\"https:\/\/obispadoarica.cl\/home\/nuestro-pastor\/#primaryimage\"},\"thumbnailUrl\":\"https:\/\/obispadoarica.cl\/home\/wp-content\/uploads\/2026\/01\/WhatsApp-Image-2026-01-19-at-11.57.40-AM-683x1024.jpeg\",\"datePublished\":\"2022-03-08T04:35:14+00:00\",\"dateModified\":\"2026-02-04T22:20:58+00:00\",\"breadcrumb\":{\"@id\":\"https:\/\/obispadoarica.cl\/home\/nuestro-pastor\/#breadcrumb\"},\"inLanguage\":\"es\",\"potentialAction\":[{\"@type\":\"ReadAction\",\"target\":[\"https:\/\/obispadoarica.cl\/home\/nuestro-pastor\/\"]}]},{\"@type\":\"ImageObject\",\"inLanguage\":\"es\",\"@id\":\"https:\/\/obispadoarica.cl\/home\/nuestro-pastor\/#primaryimage\",\"url\":\"https:\/\/obispadoarica.cl\/home\/wp-content\/uploads\/2026\/01\/WhatsApp-Image-2026-01-19-at-11.57.40-AM.jpeg\",\"contentUrl\":\"https:\/\/obispadoarica.cl\/home\/wp-content\/uploads\/2026\/01\/WhatsApp-Image-2026-01-19-at-11.57.40-AM.jpeg\",\"width\":1024,\"height\":1536},{\"@type\":\"BreadcrumbList\",\"@id\":\"https:\/\/obispadoarica.cl\/home\/nuestro-pastor\/#breadcrumb\",\"itemListElement\":[{\"@type\":\"ListItem\",\"position\":1,\"name\":\"Portada\",\"item\":\"https:\/\/obispadoarica.cl\/home\/\"},{\"@type\":\"ListItem\",\"position\":2,\"name\":\"Nuestro Pastor\"}]},{\"@type\":\"WebSite\",\"@id\":\"https:\/\/obispadoarica.cl\/home\/#website\",\"url\":\"https:\/\/obispadoarica.cl\/home\/\",\"name\":\"Obispado San Marcos de Arica\",\"description\":\"Di\u00f3cesis San Marcos de Arica\",\"potentialAction\":[{\"@type\":\"SearchAction\",\"target\":{\"@type\":\"EntryPoint\",\"urlTemplate\":\"https:\/\/obispadoarica.cl\/home\/?s={search_term_string}\"},\"query-input\":{\"@type\":\"PropertyValueSpecification\",\"valueRequired\":true,\"valueName\":\"search_term_string\"}}],\"inLanguage\":\"es\"}]}<\/script>\n<!-- \/ Yoast SEO plugin. -->","yoast_head_json":{"title":"Nuestro Pastor - Obispado San Marcos de Arica","robots":{"index":"index","follow":"follow","max-snippet":"max-snippet:-1","max-image-preview":"max-image-preview:large","max-video-preview":"max-video-preview:-1"},"canonical":"https:\/\/obispadoarica.cl\/home\/nuestro-pastor\/","og_locale":"es_ES","og_type":"article","og_title":"Nuestro Pastor - Obispado San Marcos de Arica","og_description":"BIENVENIDOSDi\u00f3cesis de San Marcos de AricaHaga click aquiBolet\u00edn Mensual Febrero 2026Disfruta nuestro Bolet\u00edn.Revisalo Aqu\u00ed Nuestro Pastor Obispo de San Marcos de Arica Fecha Nacimiento: 27-02-1969Fecha Ordenaci\u00f3n Sacerdotal: 14-12-1994Fecha Ordenaci\u00f3n Episcopal: 17-01-2015Contacto:\u00a0arica@episcopado.clLema Episcopal: \u00abCoraz\u00f3n a Dios y manos al trabajo\u00bb El presb\u00edtero Mois\u00e9s Carlos Atisha Contreras naci\u00f3 en Santiago de Chile el 27 de febrero de [...]","og_url":"https:\/\/obispadoarica.cl\/home\/nuestro-pastor\/","og_site_name":"Obispado San Marcos de Arica","article_modified_time":"2026-02-04T22:20:58+00:00","og_image":[{"width":1024,"height":1536,"url":"https:\/\/obispadoarica.cl\/home\/wp-content\/uploads\/2026\/01\/WhatsApp-Image-2026-01-19-at-11.57.40-AM.jpeg","type":"image\/jpeg"}],"twitter_card":"summary_large_image","twitter_misc":{"Tiempo de lectura":"3 minutos"},"schema":{"@context":"https:\/\/schema.org","@graph":[{"@type":"WebPage","@id":"https:\/\/obispadoarica.cl\/home\/nuestro-pastor\/","url":"https:\/\/obispadoarica.cl\/home\/nuestro-pastor\/","name":"Nuestro Pastor - Obispado San Marcos de Arica","isPartOf":{"@id":"https:\/\/obispadoarica.cl\/home\/#website"},"primaryImageOfPage":{"@id":"https:\/\/obispadoarica.cl\/home\/nuestro-pastor\/#primaryimage"},"image":{"@id":"https:\/\/obispadoarica.cl\/home\/nuestro-pastor\/#primaryimage"},"thumbnailUrl":"https:\/\/obispadoarica.cl\/home\/wp-content\/uploads\/2026\/01\/WhatsApp-Image-2026-01-19-at-11.57.40-AM-683x1024.jpeg","datePublished":"2022-03-08T04:35:14+00:00","dateModified":"2026-02-04T22:20:58+00:00","breadcrumb":{"@id":"https:\/\/obispadoarica.cl\/home\/nuestro-pastor\/#breadcrumb"},"inLanguage":"es","potentialAction":[{"@type":"ReadAction","target":["https:\/\/obispadoarica.cl\/home\/nuestro-pastor\/"]}]},{"@type":"ImageObject","inLanguage":"es","@id":"https:\/\/obispadoarica.cl\/home\/nuestro-pastor\/#primaryimage","url":"https:\/\/obispadoarica.cl\/home\/wp-content\/uploads\/2026\/01\/WhatsApp-Image-2026-01-19-at-11.57.40-AM.jpeg","contentUrl":"https:\/\/obispadoarica.cl\/home\/wp-content\/uploads\/2026\/01\/WhatsApp-Image-2026-01-19-at-11.57.40-AM.jpeg","width":1024,"height":1536},{"@type":"BreadcrumbList","@id":"https:\/\/obispadoarica.cl\/home\/nuestro-pastor\/#breadcrumb","itemListElement":[{"@type":"ListItem","position":1,"name":"Portada","item":"https:\/\/obispadoarica.cl\/home\/"},{"@type":"ListItem","position":2,"name":"Nuestro Pastor"}]},{"@type":"WebSite","@id":"https:\/\/obispadoarica.cl\/home\/#website","url":"https:\/\/obispadoarica.cl\/home\/","name":"Obispado San Marcos de Arica","description":"Di\u00f3cesis San Marcos de Arica","potentialAction":[{"@type":"SearchAction","target":{"@type":"EntryPoint","urlTemplate":"https:\/\/obispadoarica.cl\/home\/?s={search_term_string}"},"query-input":{"@type":"PropertyValueSpecification","valueRequired":true,"valueName":"search_term_string"}}],"inLanguage":"es"}]}},"_links":{"self":[{"href":"https:\/\/obispadoarica.cl\/home\/wp-json\/wp\/v2\/pages\/358","targetHints":{"allow":["GET"]}}],"collection":[{"href":"https:\/\/obispadoarica.cl\/home\/wp-json\/wp\/v2\/pages"}],"about":[{"href":"https:\/\/obispadoarica.cl\/home\/wp-json\/wp\/v2\/types\/page"}],"author":[{"embeddable":true,"href":"https:\/\/obispadoarica.cl\/home\/wp-json\/wp\/v2\/users\/2"}],"replies":[{"embeddable":true,"href":"https:\/\/obispadoarica.cl\/home\/wp-json\/wp\/v2\/comments?post=358"}],"version-history":[{"count":37,"href":"https:\/\/obispadoarica.cl\/home\/wp-json\/wp\/v2\/pages\/358\/revisions"}],"predecessor-version":[{"id":4597,"href":"https:\/\/obispadoarica.cl\/home\/wp-json\/wp\/v2\/pages\/358\/revisions\/4597"}],"wp:attachment":[{"href":"https:\/\/obispadoarica.cl\/home\/wp-json\/wp\/v2\/media?parent=358"}],"curies":[{"name":"wp","href":"https:\/\/api.w.org\/{rel}","templated":true}]}}