{"id":400,"date":"2022-03-08T05:06:14","date_gmt":"2022-03-08T05:06:14","guid":{"rendered":"https:\/\/obispadoarica.cl\/home\/?page_id=400"},"modified":"2026-02-02T20:56:00","modified_gmt":"2026-02-03T00:56:00","slug":"comunidades-y-movimientos","status":"publish","type":"page","link":"https:\/\/obispadoarica.cl\/home\/comunidades-y-movimientos\/","title":{"rendered":"Comunidades y Movimientos"},"content":{"rendered":"\t\t<div data-elementor-type=\"wp-page\" data-elementor-id=\"400\" class=\"elementor elementor-400\" data-elementor-post-type=\"page\">\n\t\t\t\t\t\t<section class=\"elementor-section elementor-top-section elementor-element elementor-element-7c9cf55 elementor-section-boxed elementor-section-height-default elementor-section-height-default\" data-id=\"7c9cf55\" data-element_type=\"section\">\n\t\t\t\t\t\t<div class=\"elementor-container elementor-column-gap-default\">\n\t\t\t\t\t<div class=\"elementor-column elementor-col-100 elementor-top-column elementor-element elementor-element-4ea8f2c\" data-id=\"4ea8f2c\" data-element_type=\"column\">\n\t\t\t<div class=\"elementor-widget-wrap\">\n\t\t\t\t\t\t\t<\/div>\n\t\t<\/div>\n\t\t\t\t\t<\/div>\n\t\t<\/section>\n\t\t\t\t<section class=\"elementor-section elementor-top-section elementor-element elementor-element-1765f0a elementor-section-full_width elementor-section-stretched elementor-section-height-default elementor-section-height-default\" data-id=\"1765f0a\" data-element_type=\"section\" data-settings=\"{&quot;stretch_section&quot;:&quot;section-stretched&quot;}\">\n\t\t\t\t\t\t<div class=\"elementor-container elementor-column-gap-no\">\n\t\t\t\t\t<div class=\"elementor-column elementor-col-100 elementor-top-column elementor-element elementor-element-2902aa6\" data-id=\"2902aa6\" data-element_type=\"column\">\n\t\t\t<div class=\"elementor-widget-wrap elementor-element-populated\">\n\t\t\t\t\t\t<div class=\"elementor-element elementor-element-87d140c elementor--h-position-center elementor--v-position-middle elementor-arrows-position-inside elementor-widget elementor-widget-global elementor-global-3709 elementor-widget-slides\" data-id=\"87d140c\" data-element_type=\"widget\" data-settings=\"{&quot;navigation&quot;:&quot;arrows&quot;,&quot;transition&quot;:&quot;fade&quot;,&quot;autoplay&quot;:&quot;yes&quot;,&quot;pause_on_hover&quot;:&quot;yes&quot;,&quot;pause_on_interaction&quot;:&quot;yes&quot;,&quot;autoplay_speed&quot;:5000,&quot;infinite&quot;:&quot;yes&quot;,&quot;transition_speed&quot;:500}\" data-widget_type=\"slides.default\">\n\t\t\t\t<div class=\"elementor-widget-container\">\n\t\t\t\t\t\t\t\t\t<div class=\"elementor-swiper\">\n\t\t\t\t\t<div class=\"elementor-slides-wrapper elementor-main-swiper swiper\" role=\"region\" aria-roledescription=\"carousel\" aria-label=\"Slides\" dir=\"ltr\" data-animation=\"fadeInUp\">\n\t\t\t\t<div class=\"swiper-wrapper elementor-slides\">\n\t\t\t\t\t\t\t\t\t\t<div class=\"elementor-repeater-item-7c55998 swiper-slide\" role=\"group\" aria-roledescription=\"slide\"><div class=\"swiper-slide-bg elementor-ken-burns elementor-ken-burns--in\" role=\"img\"><\/div><div class=\"elementor-background-overlay\"><\/div><div class=\"swiper-slide-inner\" ><div class=\"swiper-slide-contents\"><div class=\"elementor-slide-heading\">BIENVENIDOS<\/div><div class=\"elementor-slide-description\">Di\u00f3cesis de San Marcos de Arica<\/div><\/div><\/div><\/div><div class=\"elementor-repeater-item-2c03358 swiper-slide\" role=\"group\" aria-roledescription=\"slide\"><div class=\"swiper-slide-bg elementor-ken-burns elementor-ken-burns--in\" role=\"img\"><\/div><div class=\"elementor-background-overlay\"><\/div><a class=\"swiper-slide-inner\" href=\"https:\/\/obispadoarica.cl\/home\/subsidio-de-cuaresma-2026\/\"><div class=\"swiper-slide-contents\"><\/div><\/a><\/div><div class=\"elementor-repeater-item-d87b036 swiper-slide\" role=\"group\" aria-roledescription=\"slide\"><div class=\"swiper-slide-bg elementor-ken-burns elementor-ken-burns--in\" role=\"img\"><\/div><a class=\"swiper-slide-inner\" href=\"https:\/\/obispadoarica.cl\/home\/boletin\/\"><div class=\"swiper-slide-contents\"><div  class=\"elementor-button elementor-slide-button elementor-size-sm\">Haga  click aqui<\/div><\/div><\/a><\/div><div class=\"elementor-repeater-item-11b692a swiper-slide\" role=\"group\" aria-roledescription=\"slide\"><div class=\"swiper-slide-bg elementor-ken-burns elementor-ken-burns--in\" role=\"img\"><\/div><div class=\"elementor-background-overlay\"><\/div><a class=\"swiper-slide-inner\" href=\"https:\/\/obispadoarica.cl\/home\/boletin-mayo-2026\/\"><div class=\"swiper-slide-contents\"><div class=\"elementor-slide-heading\">Bolet\u00edn Mensual Mayo 2026<\/div><div class=\"elementor-slide-description\">Disfruta nuestro Bolet\u00edn.<\/div><div  class=\"elementor-button elementor-slide-button elementor-size-sm\">Revisalo Aqu\u00ed<\/div><\/div><\/a><\/div><div class=\"elementor-repeater-item-927908a swiper-slide\" role=\"group\" aria-roledescription=\"slide\"><div class=\"swiper-slide-bg elementor-ken-burns elementor-ken-burns--out\" role=\"img\"><\/div><div class=\"elementor-background-overlay\"><\/div><a class=\"swiper-slide-inner\" href=\"http:\/\/www.unoporciento.cl\/\" target=\"_blank\"><div class=\"swiper-slide-contents\"><\/div><\/a><\/div><div class=\"elementor-repeater-item-8bd64cf swiper-slide\" role=\"group\" aria-roledescription=\"slide\"><div class=\"swiper-slide-bg elementor-ken-burns elementor-ken-burns--out\" role=\"img\"><\/div><a class=\"swiper-slide-inner\" href=\"https:\/\/obispadoarica.cl\/home\/documentos\/\"><div class=\"swiper-slide-contents\"><\/div><\/a><\/div><div class=\"elementor-repeater-item-dcf13d5 swiper-slide\" role=\"group\" aria-roledescription=\"slide\"><div class=\"swiper-slide-bg elementor-ken-burns elementor-ken-burns--out\" role=\"img\"><\/div><div class=\"swiper-slide-inner\" ><div class=\"swiper-slide-contents\"><\/div><\/div><\/div>\t\t\t\t<\/div>\n\t\t\t\t\t\t\t\t\t\t\t\t\t\t\t<div class=\"elementor-swiper-button elementor-swiper-button-prev\" role=\"button\" tabindex=\"0\" aria-label=\"Previous slide\">\n\t\t\t\t\t\t\t<i aria-hidden=\"true\" class=\"eicon-chevron-left\"><\/i>\t\t\t\t\t\t<\/div>\n\t\t\t\t\t\t<div class=\"elementor-swiper-button elementor-swiper-button-next\" role=\"button\" tabindex=\"0\" aria-label=\"Next slide\">\n\t\t\t\t\t\t\t<i aria-hidden=\"true\" class=\"eicon-chevron-right\"><\/i>\t\t\t\t\t\t<\/div>\n\t\t\t\t\t\t\t\t\t\t\t\t\t\t\t\t\t<\/div>\n\t\t\t\t<\/div>\n\t\t\t\t\t\t\t\t<\/div>\n\t\t\t\t<\/div>\n\t\t\t\t\t<\/div>\n\t\t<\/div>\n\t\t\t\t\t<\/div>\n\t\t<\/section>\n\t\t\t\t<section class=\"elementor-section elementor-top-section elementor-element elementor-element-1e942dbc elementor-section-boxed elementor-section-height-default elementor-section-height-default\" data-id=\"1e942dbc\" data-element_type=\"section\">\n\t\t\t\t\t\t<div class=\"elementor-container elementor-column-gap-default\">\n\t\t\t\t\t<div class=\"elementor-column elementor-col-100 elementor-top-column elementor-element elementor-element-200e09e9\" data-id=\"200e09e9\" data-element_type=\"column\">\n\t\t\t<div class=\"elementor-widget-wrap elementor-element-populated\">\n\t\t\t\t\t\t<div class=\"elementor-element elementor-element-46a81350 elementor-widget elementor-widget-text-editor\" data-id=\"46a81350\" data-element_type=\"widget\" data-widget_type=\"text-editor.default\">\n\t\t\t\t<div class=\"elementor-widget-container\">\n\t\t\t\t\t\t\t\t\t\t\t\t\t\t\t\t\t<\/div>\n\t\t\t\t<\/div>\n\t\t\t\t\t<\/div>\n\t\t<\/div>\n\t\t\t\t\t<\/div>\n\t\t<\/section>\n\t\t\t\t<section class=\"elementor-section elementor-top-section elementor-element elementor-element-ec9dd3c elementor-section-boxed elementor-section-height-default elementor-section-height-default\" data-id=\"ec9dd3c\" data-element_type=\"section\">\n\t\t\t\t\t\t<div class=\"elementor-container elementor-column-gap-default\">\n\t\t\t\t\t<div class=\"elementor-column elementor-col-100 elementor-top-column elementor-element elementor-element-4760f1e\" data-id=\"4760f1e\" data-element_type=\"column\">\n\t\t\t<div class=\"elementor-widget-wrap elementor-element-populated\">\n\t\t\t\t\t\t<div class=\"elementor-element elementor-element-da885c8 elementor-widget elementor-widget-heading\" data-id=\"da885c8\" data-element_type=\"widget\" data-widget_type=\"heading.default\">\n\t\t\t\t<div class=\"elementor-widget-container\">\n\t\t\t\t\t<h2 class=\"elementor-heading-title elementor-size-default\">Comunidades y Movimientos<\/h2>\t\t\t\t<\/div>\n\t\t\t\t<\/div>\n\t\t\t\t<section class=\"elementor-section elementor-inner-section elementor-element elementor-element-da783a4 elementor-section-boxed elementor-section-height-default elementor-section-height-default\" data-id=\"da783a4\" data-element_type=\"section\">\n\t\t\t\t\t\t<div class=\"elementor-container elementor-column-gap-default\">\n\t\t\t\t\t<div class=\"elementor-column elementor-col-50 elementor-inner-column elementor-element elementor-element-7311de6\" data-id=\"7311de6\" data-element_type=\"column\">\n\t\t\t<div class=\"elementor-widget-wrap elementor-element-populated\">\n\t\t\t\t\t\t<div class=\"elementor-element elementor-element-41b94d1 elementor-widget elementor-widget-text-editor\" data-id=\"41b94d1\" data-element_type=\"widget\" data-widget_type=\"text-editor.default\">\n\t\t\t\t<div class=\"elementor-widget-container\">\n\t\t\t\t\t\t\t\t\t<ul>\n<li style=\"list-style-type: none;\">\n<ul>\n<li>\n<p>Comunidad del Camino Neocatecumenal<\/p>\n<\/li>\n<li>\n<p>Movimiento Cursillos de Cristiandad<\/p>\n<\/li>\n<li>\n<p>Movimiento Mariano de Schoenstatt<\/p>\n<\/li>\n<li>\n<p>Legi\u00f3n de Mar\u00eda<\/p>\n<\/li>\n<li>\n<p>Movimiento Encuentro De J\u00f3venes En El Esp\u00edritu (EJE)<\/p>\n<\/li>\n<li>\n<p>Movimiento Encuentro De Ni\u00f1os En El Esp\u00edritu (ENE)<\/p>\n<\/li>\n<li>\n<p>Movimiento Escoge<\/p>\n<\/li>\n<li>\n<p>Comunidad Peque\u00f1as Almas<\/p>\n<\/li>\n<li>\n<p>Infancia Misionera<\/p>\n<\/li>\n<li>\n<p>Movimiento Eucar\u00edstico Juvenil<\/p>\n<\/li>\n<li>\n<p>Movimiento Encuentro De Padres En El Esp\u00edritu (EPE)<\/p>\n<\/li>\n<li>\n<p>Movimiento Encuentro De Madres En El Esp\u00edritu (EME)<\/p>\n<\/li>\n<li>\n<p>Movimiento Hogares Don Bosco<\/p>\n<\/li>\n<li>\n<p>Encuentro Matrimonial<\/p>\n<\/li>\n<li>\n<p>Asociaci\u00f3n de Bailes Religiosos<\/p>\n<ul>\n<li>\n<p>Asociaci\u00f3n de Timalchaca<\/p>\n<\/li>\n<li>\n<p>Asociaci\u00f3n Las Pe\u00f1as Octubre<\/p>\n<\/li>\n<li>\n<p>Asociaci\u00f3n Las Pe\u00f1as Diciembre<\/p>\n<\/li>\n<li>\n<p>Asociaci\u00f3n Sur San Jos\u00e9<\/p>\n<\/li>\n<li>\n<p>Asociaci\u00f3n Virgen de la Tirana<\/p>\n<\/li>\n<\/ul>\n<\/li>\n<\/ul>\n<\/li>\n<\/ul>\t\t\t\t\t\t\t\t<\/div>\n\t\t\t\t<\/div>\n\t\t\t\t\t<\/div>\n\t\t<\/div>\n\t\t\t\t<div class=\"elementor-column elementor-col-50 elementor-inner-column elementor-element elementor-element-ca96685\" data-id=\"ca96685\" data-element_type=\"column\">\n\t\t\t<div class=\"elementor-widget-wrap elementor-element-populated\">\n\t\t\t\t\t\t<div class=\"elementor-element elementor-element-e787703 elementor-widget__width-initial elementor-widget elementor-widget-image\" data-id=\"e787703\" data-element_type=\"widget\" data-widget_type=\"image.default\">\n\t\t\t\t<div class=\"elementor-widget-container\">\n\t\t\t\t\t\t\t\t\t\t\t\t\t\t\t<img fetchpriority=\"high\" decoding=\"async\" width=\"518\" height=\"777\" src=\"https:\/\/obispadoarica.cl\/home\/wp-content\/uploads\/2026\/02\/comunidades.png\" class=\"attachment-large size-large wp-image-4564\" alt=\"\" srcset=\"https:\/\/obispadoarica.cl\/home\/wp-content\/uploads\/2026\/02\/comunidades.png 518w, https:\/\/obispadoarica.cl\/home\/wp-content\/uploads\/2026\/02\/comunidades-200x300.png 200w\" sizes=\"(max-width: 518px) 100vw, 518px\" \/>\t\t\t\t\t\t\t\t\t\t\t\t\t\t\t<\/div>\n\t\t\t\t<\/div>\n\t\t\t\t\t<\/div>\n\t\t<\/div>\n\t\t\t\t\t<\/div>\n\t\t<\/section>\n\t\t\t\t\t<\/div>\n\t\t<\/div>\n\t\t\t\t\t<\/div>\n\t\t<\/section>\n\t\t\t\t<\/div>\n\t\t","protected":false},"excerpt":{"rendered":"<p>BIENVENIDOSDi\u00f3cesis de San Marcos de AricaHaga click aquiBolet\u00edn Mensual Febrero 2026Disfruta nuestro Bolet\u00edn.Revisalo Aqu\u00ed Comunidades y Movimientos Comunidad del Camino Neocatecumenal Movimiento Cursillos de Cristiandad Movimiento Mariano de Schoenstatt Legi\u00f3n de Mar\u00eda Movimiento Encuentro De J\u00f3venes En El Esp\u00edritu (EJE) Movimiento Encuentro De Ni\u00f1os En El Esp\u00edritu (ENE) Movimiento Escoge Comunidad Peque\u00f1as Almas Infancia Misionera [&#8230;]\n","protected":false},"author":2,"featured_media":0,"parent":0,"menu_order":0,"comment_status":"closed","ping_status":"closed","template":"","meta":{"footnotes":""},"class_list":["post-400","page","type-page","status-publish","hentry"],"yoast_head":"<!-- This site is optimized with the Yoast SEO plugin v24.6 - https:\/\/yoast.com\/wordpress\/plugins\/seo\/ -->\n<title>Comunidades y Movimientos - Obispado San Marcos de Arica<\/title>\n<meta name=\"robots\" content=\"index, follow, max-snippet:-1, max-image-preview:large, max-video-preview:-1\" \/>\n<link rel=\"canonical\" href=\"https:\/\/obispadoarica.cl\/home\/comunidades-y-movimientos\/\" \/>\n<meta property=\"og:locale\" content=\"es_ES\" \/>\n<meta property=\"og:type\" content=\"article\" \/>\n<meta property=\"og:title\" content=\"Comunidades y Movimientos - Obispado San Marcos de Arica\" \/>\n<meta property=\"og:description\" content=\"BIENVENIDOSDi\u00f3cesis de San Marcos de AricaHaga click aquiBolet\u00edn Mensual Febrero 2026Disfruta nuestro Bolet\u00edn.Revisalo Aqu\u00ed Comunidades y Movimientos Comunidad del Camino Neocatecumenal Movimiento Cursillos de Cristiandad Movimiento Mariano de Schoenstatt Legi\u00f3n de Mar\u00eda Movimiento Encuentro De J\u00f3venes En El Esp\u00edritu (EJE) Movimiento Encuentro De Ni\u00f1os En El Esp\u00edritu (ENE) Movimiento Escoge Comunidad Peque\u00f1as Almas Infancia Misionera [...]\" \/>\n<meta property=\"og:url\" content=\"https:\/\/obispadoarica.cl\/home\/comunidades-y-movimientos\/\" \/>\n<meta property=\"og:site_name\" content=\"Obispado San Marcos de Arica\" \/>\n<meta property=\"article:modified_time\" content=\"2026-02-03T00:56:00+00:00\" \/>\n<meta property=\"og:image\" content=\"https:\/\/obispadoarica.cl\/home\/wp-content\/uploads\/2026\/02\/comunidades.png\" \/>\n\t<meta property=\"og:image:width\" content=\"518\" \/>\n\t<meta property=\"og:image:height\" content=\"777\" \/>\n\t<meta property=\"og:image:type\" content=\"image\/png\" \/>\n<meta name=\"twitter:card\" content=\"summary_large_image\" \/>\n<meta name=\"twitter:label1\" content=\"Tiempo de lectura\" \/>\n\t<meta name=\"twitter:data1\" content=\"1 minuto\" \/>\n<script type=\"application\/ld+json\" class=\"yoast-schema-graph\">{\"@context\":\"https:\/\/schema.org\",\"@graph\":[{\"@type\":\"WebPage\",\"@id\":\"https:\/\/obispadoarica.cl\/home\/comunidades-y-movimientos\/\",\"url\":\"https:\/\/obispadoarica.cl\/home\/comunidades-y-movimientos\/\",\"name\":\"Comunidades y Movimientos - Obispado San Marcos de Arica\",\"isPartOf\":{\"@id\":\"https:\/\/obispadoarica.cl\/home\/#website\"},\"primaryImageOfPage\":{\"@id\":\"https:\/\/obispadoarica.cl\/home\/comunidades-y-movimientos\/#primaryimage\"},\"image\":{\"@id\":\"https:\/\/obispadoarica.cl\/home\/comunidades-y-movimientos\/#primaryimage\"},\"thumbnailUrl\":\"https:\/\/obispadoarica.cl\/home\/wp-content\/uploads\/2026\/02\/comunidades.png\",\"datePublished\":\"2022-03-08T05:06:14+00:00\",\"dateModified\":\"2026-02-03T00:56:00+00:00\",\"breadcrumb\":{\"@id\":\"https:\/\/obispadoarica.cl\/home\/comunidades-y-movimientos\/#breadcrumb\"},\"inLanguage\":\"es\",\"potentialAction\":[{\"@type\":\"ReadAction\",\"target\":[\"https:\/\/obispadoarica.cl\/home\/comunidades-y-movimientos\/\"]}]},{\"@type\":\"ImageObject\",\"inLanguage\":\"es\",\"@id\":\"https:\/\/obispadoarica.cl\/home\/comunidades-y-movimientos\/#primaryimage\",\"url\":\"https:\/\/obispadoarica.cl\/home\/wp-content\/uploads\/2026\/02\/comunidades.png\",\"contentUrl\":\"https:\/\/obispadoarica.cl\/home\/wp-content\/uploads\/2026\/02\/comunidades.png\",\"width\":518,\"height\":777},{\"@type\":\"BreadcrumbList\",\"@id\":\"https:\/\/obispadoarica.cl\/home\/comunidades-y-movimientos\/#breadcrumb\",\"itemListElement\":[{\"@type\":\"ListItem\",\"position\":1,\"name\":\"Portada\",\"item\":\"https:\/\/obispadoarica.cl\/home\/\"},{\"@type\":\"ListItem\",\"position\":2,\"name\":\"Comunidades y Movimientos\"}]},{\"@type\":\"WebSite\",\"@id\":\"https:\/\/obispadoarica.cl\/home\/#website\",\"url\":\"https:\/\/obispadoarica.cl\/home\/\",\"name\":\"Obispado San Marcos de Arica\",\"description\":\"Di\u00f3cesis San Marcos de Arica\",\"potentialAction\":[{\"@type\":\"SearchAction\",\"target\":{\"@type\":\"EntryPoint\",\"urlTemplate\":\"https:\/\/obispadoarica.cl\/home\/?s={search_term_string}\"},\"query-input\":{\"@type\":\"PropertyValueSpecification\",\"valueRequired\":true,\"valueName\":\"search_term_string\"}}],\"inLanguage\":\"es\"}]}<\/script>\n<!-- \/ Yoast SEO plugin. -->","yoast_head_json":{"title":"Comunidades y Movimientos - Obispado San Marcos de Arica","robots":{"index":"index","follow":"follow","max-snippet":"max-snippet:-1","max-image-preview":"max-image-preview:large","max-video-preview":"max-video-preview:-1"},"canonical":"https:\/\/obispadoarica.cl\/home\/comunidades-y-movimientos\/","og_locale":"es_ES","og_type":"article","og_title":"Comunidades y Movimientos - Obispado San Marcos de Arica","og_description":"BIENVENIDOSDi\u00f3cesis de San Marcos de AricaHaga click aquiBolet\u00edn Mensual Febrero 2026Disfruta nuestro Bolet\u00edn.Revisalo Aqu\u00ed Comunidades y Movimientos Comunidad del Camino Neocatecumenal Movimiento Cursillos de Cristiandad Movimiento Mariano de Schoenstatt Legi\u00f3n de Mar\u00eda Movimiento Encuentro De J\u00f3venes En El Esp\u00edritu (EJE) Movimiento Encuentro De Ni\u00f1os En El Esp\u00edritu (ENE) Movimiento Escoge Comunidad Peque\u00f1as Almas Infancia Misionera [...]","og_url":"https:\/\/obispadoarica.cl\/home\/comunidades-y-movimientos\/","og_site_name":"Obispado San Marcos de Arica","article_modified_time":"2026-02-03T00:56:00+00:00","og_image":[{"width":518,"height":777,"url":"https:\/\/obispadoarica.cl\/home\/wp-content\/uploads\/2026\/02\/comunidades.png","type":"image\/png"}],"twitter_card":"summary_large_image","twitter_misc":{"Tiempo de lectura":"1 minuto"},"schema":{"@context":"https:\/\/schema.org","@graph":[{"@type":"WebPage","@id":"https:\/\/obispadoarica.cl\/home\/comunidades-y-movimientos\/","url":"https:\/\/obispadoarica.cl\/home\/comunidades-y-movimientos\/","name":"Comunidades y Movimientos - Obispado San Marcos de Arica","isPartOf":{"@id":"https:\/\/obispadoarica.cl\/home\/#website"},"primaryImageOfPage":{"@id":"https:\/\/obispadoarica.cl\/home\/comunidades-y-movimientos\/#primaryimage"},"image":{"@id":"https:\/\/obispadoarica.cl\/home\/comunidades-y-movimientos\/#primaryimage"},"thumbnailUrl":"https:\/\/obispadoarica.cl\/home\/wp-content\/uploads\/2026\/02\/comunidades.png","datePublished":"2022-03-08T05:06:14+00:00","dateModified":"2026-02-03T00:56:00+00:00","breadcrumb":{"@id":"https:\/\/obispadoarica.cl\/home\/comunidades-y-movimientos\/#breadcrumb"},"inLanguage":"es","potentialAction":[{"@type":"ReadAction","target":["https:\/\/obispadoarica.cl\/home\/comunidades-y-movimientos\/"]}]},{"@type":"ImageObject","inLanguage":"es","@id":"https:\/\/obispadoarica.cl\/home\/comunidades-y-movimientos\/#primaryimage","url":"https:\/\/obispadoarica.cl\/home\/wp-content\/uploads\/2026\/02\/comunidades.png","contentUrl":"https:\/\/obispadoarica.cl\/home\/wp-content\/uploads\/2026\/02\/comunidades.png","width":518,"height":777},{"@type":"BreadcrumbList","@id":"https:\/\/obispadoarica.cl\/home\/comunidades-y-movimientos\/#breadcrumb","itemListElement":[{"@type":"ListItem","position":1,"name":"Portada","item":"https:\/\/obispadoarica.cl\/home\/"},{"@type":"ListItem","position":2,"name":"Comunidades y Movimientos"}]},{"@type":"WebSite","@id":"https:\/\/obispadoarica.cl\/home\/#website","url":"https:\/\/obispadoarica.cl\/home\/","name":"Obispado San Marcos de Arica","description":"Di\u00f3cesis San Marcos de Arica","potentialAction":[{"@type":"SearchAction","target":{"@type":"EntryPoint","urlTemplate":"https:\/\/obispadoarica.cl\/home\/?s={search_term_string}"},"query-input":{"@type":"PropertyValueSpecification","valueRequired":true,"valueName":"search_term_string"}}],"inLanguage":"es"}]}},"_links":{"self":[{"href":"https:\/\/obispadoarica.cl\/home\/wp-json\/wp\/v2\/pages\/400","targetHints":{"allow":["GET"]}}],"collection":[{"href":"https:\/\/obispadoarica.cl\/home\/wp-json\/wp\/v2\/pages"}],"about":[{"href":"https:\/\/obispadoarica.cl\/home\/wp-json\/wp\/v2\/types\/page"}],"author":[{"embeddable":true,"href":"https:\/\/obispadoarica.cl\/home\/wp-json\/wp\/v2\/users\/2"}],"replies":[{"embeddable":true,"href":"https:\/\/obispadoarica.cl\/home\/wp-json\/wp\/v2\/comments?post=400"}],"version-history":[{"count":16,"href":"https:\/\/obispadoarica.cl\/home\/wp-json\/wp\/v2\/pages\/400\/revisions"}],"predecessor-version":[{"id":4588,"href":"https:\/\/obispadoarica.cl\/home\/wp-json\/wp\/v2\/pages\/400\/revisions\/4588"}],"wp:attachment":[{"href":"https:\/\/obispadoarica.cl\/home\/wp-json\/wp\/v2\/media?parent=400"}],"curies":[{"name":"wp","href":"https:\/\/api.w.org\/{rel}","templated":true}]}}