{"id":408,"date":"2022-03-08T05:08:58","date_gmt":"2022-03-08T05:08:58","guid":{"rendered":"https:\/\/obispadoarica.cl\/home\/?page_id=408"},"modified":"2025-08-20T22:35:56","modified_gmt":"2025-08-21T02:35:56","slug":"santuarios","status":"publish","type":"page","link":"https:\/\/obispadoarica.cl\/home\/santuarios\/","title":{"rendered":"\u00a0Santuarios"},"content":{"rendered":"\t\t<div data-elementor-type=\"wp-page\" data-elementor-id=\"408\" class=\"elementor elementor-408\" data-elementor-post-type=\"page\">\n\t\t\t\t\t\t<section class=\"elementor-section elementor-top-section elementor-element elementor-element-204f64e elementor-section-full_width elementor-section-stretched elementor-section-height-default elementor-section-height-default\" data-id=\"204f64e\" data-element_type=\"section\" data-settings=\"{&quot;stretch_section&quot;:&quot;section-stretched&quot;}\">\n\t\t\t\t\t\t<div class=\"elementor-container elementor-column-gap-default\">\n\t\t\t\t\t<div class=\"elementor-column elementor-col-100 elementor-top-column elementor-element elementor-element-4fd6250\" data-id=\"4fd6250\" data-element_type=\"column\">\n\t\t\t<div class=\"elementor-widget-wrap elementor-element-populated\">\n\t\t\t\t\t\t<div class=\"elementor-element elementor-element-deba670 elementor--h-position-center elementor--v-position-middle elementor-arrows-position-inside elementor-widget elementor-widget-global elementor-global-3709 elementor-widget-slides\" data-id=\"deba670\" data-element_type=\"widget\" data-settings=\"{&quot;navigation&quot;:&quot;arrows&quot;,&quot;transition&quot;:&quot;fade&quot;,&quot;autoplay&quot;:&quot;yes&quot;,&quot;pause_on_hover&quot;:&quot;yes&quot;,&quot;pause_on_interaction&quot;:&quot;yes&quot;,&quot;autoplay_speed&quot;:5000,&quot;infinite&quot;:&quot;yes&quot;,&quot;transition_speed&quot;:500}\" data-widget_type=\"slides.default\">\n\t\t\t\t<div class=\"elementor-widget-container\">\n\t\t\t\t\t\t\t\t\t<div class=\"elementor-swiper\">\n\t\t\t\t\t<div class=\"elementor-slides-wrapper elementor-main-swiper swiper\" role=\"region\" aria-roledescription=\"carousel\" aria-label=\"Slides\" dir=\"ltr\" data-animation=\"fadeInUp\">\n\t\t\t\t<div class=\"swiper-wrapper elementor-slides\">\n\t\t\t\t\t\t\t\t\t\t<div class=\"elementor-repeater-item-7c55998 swiper-slide\" role=\"group\" aria-roledescription=\"slide\"><div class=\"swiper-slide-bg elementor-ken-burns elementor-ken-burns--in\" role=\"img\"><\/div><div class=\"elementor-background-overlay\"><\/div><div class=\"swiper-slide-inner\" ><div class=\"swiper-slide-contents\"><div class=\"elementor-slide-heading\">BIENVENIDOS<\/div><div class=\"elementor-slide-description\">Di\u00f3cesis de San Marcos de Arica<\/div><\/div><\/div><\/div><div class=\"elementor-repeater-item-2c03358 swiper-slide\" role=\"group\" aria-roledescription=\"slide\"><div class=\"swiper-slide-bg elementor-ken-burns elementor-ken-burns--in\" role=\"img\"><\/div><div class=\"elementor-background-overlay\"><\/div><a class=\"swiper-slide-inner\" href=\"https:\/\/obispadoarica.cl\/home\/subsidio-de-cuaresma-2026\/\"><div class=\"swiper-slide-contents\"><\/div><\/a><\/div><div class=\"elementor-repeater-item-d87b036 swiper-slide\" role=\"group\" aria-roledescription=\"slide\"><div class=\"swiper-slide-bg elementor-ken-burns elementor-ken-burns--in\" role=\"img\"><\/div><a class=\"swiper-slide-inner\" href=\"https:\/\/obispadoarica.cl\/home\/boletin\/\"><div class=\"swiper-slide-contents\"><div  class=\"elementor-button elementor-slide-button elementor-size-sm\">Haga  click aqui<\/div><\/div><\/a><\/div><div class=\"elementor-repeater-item-11b692a swiper-slide\" role=\"group\" aria-roledescription=\"slide\"><div class=\"swiper-slide-bg elementor-ken-burns elementor-ken-burns--in\" role=\"img\"><\/div><div class=\"elementor-background-overlay\"><\/div><a class=\"swiper-slide-inner\" href=\"https:\/\/obispadoarica.cl\/home\/boletin-mayo-2026\/\"><div class=\"swiper-slide-contents\"><div class=\"elementor-slide-heading\">Bolet\u00edn Mensual Mayo 2026<\/div><div class=\"elementor-slide-description\">Disfruta nuestro Bolet\u00edn.<\/div><div  class=\"elementor-button elementor-slide-button elementor-size-sm\">Revisalo Aqu\u00ed<\/div><\/div><\/a><\/div><div class=\"elementor-repeater-item-927908a swiper-slide\" role=\"group\" aria-roledescription=\"slide\"><div class=\"swiper-slide-bg elementor-ken-burns elementor-ken-burns--out\" role=\"img\"><\/div><div class=\"elementor-background-overlay\"><\/div><a class=\"swiper-slide-inner\" href=\"http:\/\/www.unoporciento.cl\/\" target=\"_blank\"><div class=\"swiper-slide-contents\"><\/div><\/a><\/div><div class=\"elementor-repeater-item-8bd64cf swiper-slide\" role=\"group\" aria-roledescription=\"slide\"><div class=\"swiper-slide-bg elementor-ken-burns elementor-ken-burns--out\" role=\"img\"><\/div><a class=\"swiper-slide-inner\" href=\"https:\/\/obispadoarica.cl\/home\/documentos\/\"><div class=\"swiper-slide-contents\"><\/div><\/a><\/div><div class=\"elementor-repeater-item-dcf13d5 swiper-slide\" role=\"group\" aria-roledescription=\"slide\"><div class=\"swiper-slide-bg elementor-ken-burns elementor-ken-burns--out\" role=\"img\"><\/div><div class=\"swiper-slide-inner\" ><div class=\"swiper-slide-contents\"><\/div><\/div><\/div>\t\t\t\t<\/div>\n\t\t\t\t\t\t\t\t\t\t\t\t\t\t\t<div class=\"elementor-swiper-button elementor-swiper-button-prev\" role=\"button\" tabindex=\"0\" aria-label=\"Previous slide\">\n\t\t\t\t\t\t\t<i aria-hidden=\"true\" class=\"eicon-chevron-left\"><\/i>\t\t\t\t\t\t<\/div>\n\t\t\t\t\t\t<div class=\"elementor-swiper-button elementor-swiper-button-next\" role=\"button\" tabindex=\"0\" aria-label=\"Next slide\">\n\t\t\t\t\t\t\t<i aria-hidden=\"true\" class=\"eicon-chevron-right\"><\/i>\t\t\t\t\t\t<\/div>\n\t\t\t\t\t\t\t\t\t\t\t\t\t\t\t\t\t<\/div>\n\t\t\t\t<\/div>\n\t\t\t\t\t\t\t\t<\/div>\n\t\t\t\t<\/div>\n\t\t\t\t\t<\/div>\n\t\t<\/div>\n\t\t\t\t\t<\/div>\n\t\t<\/section>\n\t\t\t\t<section class=\"elementor-section elementor-top-section elementor-element elementor-element-2148a37 elementor-section-boxed elementor-section-height-default elementor-section-height-default\" data-id=\"2148a37\" data-element_type=\"section\">\n\t\t\t\t\t\t<div class=\"elementor-container elementor-column-gap-default\">\n\t\t\t\t\t<div class=\"elementor-column elementor-col-100 elementor-top-column elementor-element elementor-element-16a03cc\" data-id=\"16a03cc\" data-element_type=\"column\">\n\t\t\t<div class=\"elementor-widget-wrap elementor-element-populated\">\n\t\t\t\t\t\t<div class=\"elementor-element elementor-element-3b62745 elementor-widget elementor-widget-heading\" data-id=\"3b62745\" data-element_type=\"widget\" data-widget_type=\"heading.default\">\n\t\t\t\t<div class=\"elementor-widget-container\">\n\t\t\t\t\t<h4 class=\"elementor-heading-title elementor-size-default\">Santuarios<\/h4>\t\t\t\t<\/div>\n\t\t\t\t<\/div>\n\t\t\t\t\t<\/div>\n\t\t<\/div>\n\t\t\t\t\t<\/div>\n\t\t<\/section>\n\t\t\t\t<section class=\"elementor-section elementor-top-section elementor-element elementor-element-f7e4288 elementor-section-boxed elementor-section-height-default elementor-section-height-default\" data-id=\"f7e4288\" data-element_type=\"section\">\n\t\t\t\t\t\t<div class=\"elementor-container elementor-column-gap-default\">\n\t\t\t\t\t<div class=\"elementor-column elementor-col-100 elementor-top-column elementor-element elementor-element-145f7b4\" data-id=\"145f7b4\" data-element_type=\"column\">\n\t\t\t<div class=\"elementor-widget-wrap\">\n\t\t\t\t\t\t\t<\/div>\n\t\t<\/div>\n\t\t\t\t\t<\/div>\n\t\t<\/section>\n\t\t\t\t<section class=\"elementor-section elementor-top-section elementor-element elementor-element-63ea325 elementor-section-boxed elementor-section-height-default elementor-section-height-default\" data-id=\"63ea325\" data-element_type=\"section\">\n\t\t\t\t\t\t<div class=\"elementor-container elementor-column-gap-default\">\n\t\t\t\t\t<div class=\"elementor-column elementor-col-50 elementor-top-column elementor-element elementor-element-6c76d78\" data-id=\"6c76d78\" data-element_type=\"column\">\n\t\t\t<div class=\"elementor-widget-wrap elementor-element-populated\">\n\t\t\t\t\t\t<div class=\"elementor-element elementor-element-3987352 elementor-widget elementor-widget-text-editor\" data-id=\"3987352\" data-element_type=\"widget\" data-widget_type=\"text-editor.default\">\n\t\t\t\t<div class=\"elementor-widget-container\">\n\t\t\t\t\t\t\t\t\t<p><strong><span id=\"t5_20\" class=\"t s3_20\">PARROQUIA <\/span> <span id=\"t6_20\" class=\"t s3_20\">NUESTRA SE\u00d1ORA DEL ROSARIO DE LAS PE\u00d1AS <\/span><\/strong><\/p>\n<p><span id=\"t7_20\" class=\"t s4_20\">Baquedano 795 <\/span> <span id=\"t8_20\" class=\"t s4_20\">Fono: 58 2 232519 <\/span><\/p>\n<p><strong> <span id=\"t9_20\" class=\"t s3_20\">SANTUARIO VIRGEN DE LAS PE\u00d1AS<\/span><\/strong><\/p>\n<p><span id=\"t9_20\" class=\"t s3_20\"> <\/span> <span id=\"ta_20\" class=\"t s4_20\">Quebrada de Livilcar, <\/span> <span id=\"tb_20\" class=\"t s4_20\">Km, 43 Valle de Azapa <\/span><\/p>\n<p><span id=\"tc_20\" class=\"t s3_20\"><strong>SANTURARIO DE SCH\u00d6ENSTATT<\/strong> <\/span><\/p>\n<p><span id=\"td_20\" class=\"t s4_20\">Panamericana Norte, <\/span> <span id=\"te_20\" class=\"t s4_20\">Camino a Gallinazo<\/span><\/p>\n<p><span id=\"te_20\" class=\"t s4_20\"> <\/span> <strong><span id=\"tf_20\" class=\"t s3_20\">CAPILLA SANTA TERESITA DE LOS ANDES <\/span><\/strong><\/p>\n<p><span id=\"tg_20\" class=\"t s4_20\">Las Maitas, <\/span> <span id=\"th_20\" class=\"t s4_20\">Valle de Azapa<\/span><\/p>\n<p><span id=\"th_20\" class=\"t s4_20\"> <\/span> <strong><span id=\"ti_20\" class=\"t s3_20\">SANTUARIO VIRGEN DE LOS REMEDIOS<\/span><\/strong><\/p>\n<p><span id=\"ti_20\" class=\"t s3_20\"> <\/span> <span id=\"tj_20\" class=\"t s4_20\">Localidad Timalchaca, <\/span> <span id=\"tk_20\" class=\"t s4_20\">Parinacota<\/span><\/p>\n<p><span id=\"tk_20\" class=\"t s4_20\"> <\/span> <strong><span id=\"tl_20\" class=\"t s3_20\">SANTUARIO CRISTO CRUCIFICADO<\/span><\/strong><\/p>\n<p><span id=\"tl_20\" class=\"t s3_20\"> <\/span> <span id=\"tm_20\" class=\"t s4_20\">Localidad de Visviri, <\/span> <span id=\"tn_20\" class=\"t s4_20\">Parinacota<\/span><\/p>\t\t\t\t\t\t\t\t<\/div>\n\t\t\t\t<\/div>\n\t\t\t\t\t<\/div>\n\t\t<\/div>\n\t\t\t\t<div class=\"elementor-column elementor-col-50 elementor-top-column elementor-element elementor-element-25e5285\" data-id=\"25e5285\" data-element_type=\"column\">\n\t\t\t<div class=\"elementor-widget-wrap elementor-element-populated\">\n\t\t\t\t\t\t<div class=\"elementor-element elementor-element-6f87853 elementor-widget elementor-widget-image\" data-id=\"6f87853\" data-element_type=\"widget\" data-widget_type=\"image.default\">\n\t\t\t\t<div class=\"elementor-widget-container\">\n\t\t\t\t\t\t\t\t\t\t\t\t\t\t\t<img fetchpriority=\"high\" decoding=\"async\" width=\"999\" height=\"918\" src=\"https:\/\/obispadoarica.cl\/home\/wp-content\/uploads\/2022\/05\/EyPHallXIAMKdBg.jpeg\" class=\"attachment-large size-large wp-image-648\" alt=\"\" srcset=\"https:\/\/obispadoarica.cl\/home\/wp-content\/uploads\/2022\/05\/EyPHallXIAMKdBg.jpeg 999w, https:\/\/obispadoarica.cl\/home\/wp-content\/uploads\/2022\/05\/EyPHallXIAMKdBg-300x276.jpeg 300w, https:\/\/obispadoarica.cl\/home\/wp-content\/uploads\/2022\/05\/EyPHallXIAMKdBg-768x706.jpeg 768w\" sizes=\"(max-width: 999px) 100vw, 999px\" \/>\t\t\t\t\t\t\t\t\t\t\t\t\t\t\t<\/div>\n\t\t\t\t<\/div>\n\t\t\t\t\t<\/div>\n\t\t<\/div>\n\t\t\t\t\t<\/div>\n\t\t<\/section>\n\t\t\t\t<\/div>\n\t\t","protected":false},"excerpt":{"rendered":"<p>BIENVENIDOSDi\u00f3cesis de San Marcos de AricaBolet\u00edn Mensual Agosto 2025Disfruta nuestro Bolet\u00edn.Revisalo Aqu\u00ed Santuarios PARROQUIA NUESTRA SE\u00d1ORA DEL ROSARIO DE LAS PE\u00d1AS Baquedano 795 Fono: 58 2 232519 SANTUARIO VIRGEN DE LAS PE\u00d1AS Quebrada de Livilcar, Km, 43 Valle de Azapa SANTURARIO DE SCH\u00d6ENSTATT Panamericana Norte, Camino a Gallinazo CAPILLA SANTA TERESITA DE LOS ANDES Las [&#8230;]\n","protected":false},"author":2,"featured_media":0,"parent":0,"menu_order":0,"comment_status":"closed","ping_status":"closed","template":"","meta":{"footnotes":""},"class_list":["post-408","page","type-page","status-publish","hentry"],"yoast_head":"<!-- This site is optimized with the Yoast SEO plugin v24.6 - https:\/\/yoast.com\/wordpress\/plugins\/seo\/ -->\n<title>\u00a0Santuarios - Obispado San Marcos de Arica<\/title>\n<meta name=\"robots\" content=\"index, follow, max-snippet:-1, max-image-preview:large, max-video-preview:-1\" \/>\n<link rel=\"canonical\" href=\"https:\/\/obispadoarica.cl\/home\/santuarios\/\" \/>\n<meta property=\"og:locale\" content=\"es_ES\" \/>\n<meta property=\"og:type\" content=\"article\" \/>\n<meta property=\"og:title\" content=\"\u00a0Santuarios - Obispado San Marcos de Arica\" \/>\n<meta property=\"og:description\" content=\"BIENVENIDOSDi\u00f3cesis de San Marcos de AricaBolet\u00edn Mensual Agosto 2025Disfruta nuestro Bolet\u00edn.Revisalo Aqu\u00ed Santuarios PARROQUIA NUESTRA SE\u00d1ORA DEL ROSARIO DE LAS PE\u00d1AS Baquedano 795 Fono: 58 2 232519 SANTUARIO VIRGEN DE LAS PE\u00d1AS Quebrada de Livilcar, Km, 43 Valle de Azapa SANTURARIO DE SCH\u00d6ENSTATT Panamericana Norte, Camino a Gallinazo CAPILLA SANTA TERESITA DE LOS ANDES Las [...]\" \/>\n<meta property=\"og:url\" content=\"https:\/\/obispadoarica.cl\/home\/santuarios\/\" \/>\n<meta property=\"og:site_name\" content=\"Obispado San Marcos de Arica\" \/>\n<meta property=\"article:modified_time\" content=\"2025-08-21T02:35:56+00:00\" \/>\n<meta property=\"og:image\" content=\"https:\/\/obispadoarica.cl\/home\/wp-content\/uploads\/2022\/05\/EyPHallXIAMKdBg.jpeg\" \/>\n\t<meta property=\"og:image:width\" content=\"999\" \/>\n\t<meta property=\"og:image:height\" content=\"918\" \/>\n\t<meta property=\"og:image:type\" content=\"image\/jpeg\" \/>\n<meta name=\"twitter:card\" content=\"summary_large_image\" \/>\n<meta name=\"twitter:label1\" content=\"Tiempo de lectura\" \/>\n\t<meta name=\"twitter:data1\" content=\"1 minuto\" \/>\n<script type=\"application\/ld+json\" class=\"yoast-schema-graph\">{\"@context\":\"https:\/\/schema.org\",\"@graph\":[{\"@type\":\"WebPage\",\"@id\":\"https:\/\/obispadoarica.cl\/home\/santuarios\/\",\"url\":\"https:\/\/obispadoarica.cl\/home\/santuarios\/\",\"name\":\"\u00a0Santuarios - Obispado San Marcos de Arica\",\"isPartOf\":{\"@id\":\"https:\/\/obispadoarica.cl\/home\/#website\"},\"primaryImageOfPage\":{\"@id\":\"https:\/\/obispadoarica.cl\/home\/santuarios\/#primaryimage\"},\"image\":{\"@id\":\"https:\/\/obispadoarica.cl\/home\/santuarios\/#primaryimage\"},\"thumbnailUrl\":\"https:\/\/obispadoarica.cl\/home\/wp-content\/uploads\/2022\/05\/EyPHallXIAMKdBg.jpeg\",\"datePublished\":\"2022-03-08T05:08:58+00:00\",\"dateModified\":\"2025-08-21T02:35:56+00:00\",\"breadcrumb\":{\"@id\":\"https:\/\/obispadoarica.cl\/home\/santuarios\/#breadcrumb\"},\"inLanguage\":\"es\",\"potentialAction\":[{\"@type\":\"ReadAction\",\"target\":[\"https:\/\/obispadoarica.cl\/home\/santuarios\/\"]}]},{\"@type\":\"ImageObject\",\"inLanguage\":\"es\",\"@id\":\"https:\/\/obispadoarica.cl\/home\/santuarios\/#primaryimage\",\"url\":\"https:\/\/obispadoarica.cl\/home\/wp-content\/uploads\/2022\/05\/EyPHallXIAMKdBg.jpeg\",\"contentUrl\":\"https:\/\/obispadoarica.cl\/home\/wp-content\/uploads\/2022\/05\/EyPHallXIAMKdBg.jpeg\",\"width\":999,\"height\":918},{\"@type\":\"BreadcrumbList\",\"@id\":\"https:\/\/obispadoarica.cl\/home\/santuarios\/#breadcrumb\",\"itemListElement\":[{\"@type\":\"ListItem\",\"position\":1,\"name\":\"Portada\",\"item\":\"https:\/\/obispadoarica.cl\/home\/\"},{\"@type\":\"ListItem\",\"position\":2,\"name\":\"\u00a0Santuarios\"}]},{\"@type\":\"WebSite\",\"@id\":\"https:\/\/obispadoarica.cl\/home\/#website\",\"url\":\"https:\/\/obispadoarica.cl\/home\/\",\"name\":\"Obispado San Marcos de Arica\",\"description\":\"Di\u00f3cesis San Marcos de Arica\",\"potentialAction\":[{\"@type\":\"SearchAction\",\"target\":{\"@type\":\"EntryPoint\",\"urlTemplate\":\"https:\/\/obispadoarica.cl\/home\/?s={search_term_string}\"},\"query-input\":{\"@type\":\"PropertyValueSpecification\",\"valueRequired\":true,\"valueName\":\"search_term_string\"}}],\"inLanguage\":\"es\"}]}<\/script>\n<!-- \/ Yoast SEO plugin. -->","yoast_head_json":{"title":"\u00a0Santuarios - Obispado San Marcos de Arica","robots":{"index":"index","follow":"follow","max-snippet":"max-snippet:-1","max-image-preview":"max-image-preview:large","max-video-preview":"max-video-preview:-1"},"canonical":"https:\/\/obispadoarica.cl\/home\/santuarios\/","og_locale":"es_ES","og_type":"article","og_title":"\u00a0Santuarios - Obispado San Marcos de Arica","og_description":"BIENVENIDOSDi\u00f3cesis de San Marcos de AricaBolet\u00edn Mensual Agosto 2025Disfruta nuestro Bolet\u00edn.Revisalo Aqu\u00ed Santuarios PARROQUIA NUESTRA SE\u00d1ORA DEL ROSARIO DE LAS PE\u00d1AS Baquedano 795 Fono: 58 2 232519 SANTUARIO VIRGEN DE LAS PE\u00d1AS Quebrada de Livilcar, Km, 43 Valle de Azapa SANTURARIO DE SCH\u00d6ENSTATT Panamericana Norte, Camino a Gallinazo CAPILLA SANTA TERESITA DE LOS ANDES Las [...]","og_url":"https:\/\/obispadoarica.cl\/home\/santuarios\/","og_site_name":"Obispado San Marcos de Arica","article_modified_time":"2025-08-21T02:35:56+00:00","og_image":[{"width":999,"height":918,"url":"https:\/\/obispadoarica.cl\/home\/wp-content\/uploads\/2022\/05\/EyPHallXIAMKdBg.jpeg","type":"image\/jpeg"}],"twitter_card":"summary_large_image","twitter_misc":{"Tiempo de lectura":"1 minuto"},"schema":{"@context":"https:\/\/schema.org","@graph":[{"@type":"WebPage","@id":"https:\/\/obispadoarica.cl\/home\/santuarios\/","url":"https:\/\/obispadoarica.cl\/home\/santuarios\/","name":"\u00a0Santuarios - Obispado San Marcos de Arica","isPartOf":{"@id":"https:\/\/obispadoarica.cl\/home\/#website"},"primaryImageOfPage":{"@id":"https:\/\/obispadoarica.cl\/home\/santuarios\/#primaryimage"},"image":{"@id":"https:\/\/obispadoarica.cl\/home\/santuarios\/#primaryimage"},"thumbnailUrl":"https:\/\/obispadoarica.cl\/home\/wp-content\/uploads\/2022\/05\/EyPHallXIAMKdBg.jpeg","datePublished":"2022-03-08T05:08:58+00:00","dateModified":"2025-08-21T02:35:56+00:00","breadcrumb":{"@id":"https:\/\/obispadoarica.cl\/home\/santuarios\/#breadcrumb"},"inLanguage":"es","potentialAction":[{"@type":"ReadAction","target":["https:\/\/obispadoarica.cl\/home\/santuarios\/"]}]},{"@type":"ImageObject","inLanguage":"es","@id":"https:\/\/obispadoarica.cl\/home\/santuarios\/#primaryimage","url":"https:\/\/obispadoarica.cl\/home\/wp-content\/uploads\/2022\/05\/EyPHallXIAMKdBg.jpeg","contentUrl":"https:\/\/obispadoarica.cl\/home\/wp-content\/uploads\/2022\/05\/EyPHallXIAMKdBg.jpeg","width":999,"height":918},{"@type":"BreadcrumbList","@id":"https:\/\/obispadoarica.cl\/home\/santuarios\/#breadcrumb","itemListElement":[{"@type":"ListItem","position":1,"name":"Portada","item":"https:\/\/obispadoarica.cl\/home\/"},{"@type":"ListItem","position":2,"name":"\u00a0Santuarios"}]},{"@type":"WebSite","@id":"https:\/\/obispadoarica.cl\/home\/#website","url":"https:\/\/obispadoarica.cl\/home\/","name":"Obispado San Marcos de Arica","description":"Di\u00f3cesis San Marcos de Arica","potentialAction":[{"@type":"SearchAction","target":{"@type":"EntryPoint","urlTemplate":"https:\/\/obispadoarica.cl\/home\/?s={search_term_string}"},"query-input":{"@type":"PropertyValueSpecification","valueRequired":true,"valueName":"search_term_string"}}],"inLanguage":"es"}]}},"_links":{"self":[{"href":"https:\/\/obispadoarica.cl\/home\/wp-json\/wp\/v2\/pages\/408","targetHints":{"allow":["GET"]}}],"collection":[{"href":"https:\/\/obispadoarica.cl\/home\/wp-json\/wp\/v2\/pages"}],"about":[{"href":"https:\/\/obispadoarica.cl\/home\/wp-json\/wp\/v2\/types\/page"}],"author":[{"embeddable":true,"href":"https:\/\/obispadoarica.cl\/home\/wp-json\/wp\/v2\/users\/2"}],"replies":[{"embeddable":true,"href":"https:\/\/obispadoarica.cl\/home\/wp-json\/wp\/v2\/comments?post=408"}],"version-history":[{"count":19,"href":"https:\/\/obispadoarica.cl\/home\/wp-json\/wp\/v2\/pages\/408\/revisions"}],"predecessor-version":[{"id":3741,"href":"https:\/\/obispadoarica.cl\/home\/wp-json\/wp\/v2\/pages\/408\/revisions\/3741"}],"wp:attachment":[{"href":"https:\/\/obispadoarica.cl\/home\/wp-json\/wp\/v2\/media?parent=408"}],"curies":[{"name":"wp","href":"https:\/\/api.w.org\/{rel}","templated":true}]}}