{"id":4262,"date":"2025-12-28T00:31:41","date_gmt":"2025-12-28T04:31:41","guid":{"rendered":"https:\/\/obispadoarica.cl\/home\/?page_id=4262"},"modified":"2026-01-26T23:20:41","modified_gmt":"2026-01-27T03:20:41","slug":"nuestra-historia","status":"publish","type":"page","link":"https:\/\/obispadoarica.cl\/home\/nuestra-historia\/","title":{"rendered":"Nuestra Historia"},"content":{"rendered":"\t\t<div data-elementor-type=\"wp-page\" data-elementor-id=\"4262\" class=\"elementor elementor-4262\" data-elementor-post-type=\"page\">\n\t\t\t\t\t\t<section class=\"elementor-section elementor-top-section elementor-element elementor-element-6bf977b6 elementor-section-boxed elementor-section-height-default elementor-section-height-default\" data-id=\"6bf977b6\" data-element_type=\"section\">\n\t\t\t\t\t\t<div class=\"elementor-container elementor-column-gap-default\">\n\t\t\t\t\t<div class=\"elementor-column elementor-col-100 elementor-top-column elementor-element elementor-element-2cf66d56\" data-id=\"2cf66d56\" data-element_type=\"column\">\n\t\t\t<div class=\"elementor-widget-wrap elementor-element-populated\">\n\t\t\t\t\t\t<div class=\"elementor-element elementor-element-47a999f elementor-widget elementor-widget-heading\" data-id=\"47a999f\" data-element_type=\"widget\" data-widget_type=\"heading.default\">\n\t\t\t\t<div class=\"elementor-widget-container\">\n\t\t\t\t\t<h2 class=\"elementor-heading-title elementor-size-default\">Nuestra historia<\/h2>\t\t\t\t<\/div>\n\t\t\t\t<\/div>\n\t\t\t\t<section class=\"elementor-section elementor-inner-section elementor-element elementor-element-af33cde elementor-section-boxed elementor-section-height-default elementor-section-height-default\" data-id=\"af33cde\" data-element_type=\"section\">\n\t\t\t\t\t\t<div class=\"elementor-container elementor-column-gap-default\">\n\t\t\t\t\t<div class=\"elementor-column elementor-col-50 elementor-inner-column elementor-element elementor-element-6ec2057\" data-id=\"6ec2057\" data-element_type=\"column\">\n\t\t\t<div class=\"elementor-widget-wrap elementor-element-populated\">\n\t\t\t\t\t\t<div class=\"elementor-element elementor-element-282f051 elementor-widget elementor-widget-text-editor\" data-id=\"282f051\" data-element_type=\"widget\" data-widget_type=\"text-editor.default\">\n\t\t\t\t<div class=\"elementor-widget-container\">\n\t\t\t\t\t\t\t\t\t<p>La Di\u00f3cesis nace con el nombre de Arica, la crea el recordado Papa Juan Pablo II, mediante la Bula \u201cQua tenemur Graviter\u201d, el 29 de agosto de 1986, siendo sus primeros Obispos, los ya fallecidos jesuitas Don Ram\u00f3n Salas Vald\u00e9s y Don Renato Hasche Salas, como tambi\u00e9n Don H\u00e9ctor Eduardo Vargas Bastidas, salesiano, todos de recordada memoria.&nbsp;<\/p>\n<p>Sin embargo, la Iglesia hunde sus ra\u00edces algunos siglos atr\u00e1s, cuando un grupo de Frailes Dominicos que acompa\u00f1aban a Diego de Almagro, toman posesi\u00f3n de esta tierra, celebrando la primera misa a los pies del Morro, en la Fiesta de San Marcos Evangelista, el 25 de abril del a\u00f1o del Se\u00f1or de 1536.&nbsp;<\/p>\n<p>&nbsp;En estos casi cinco siglos, la comunidad cristiana de Arica ha pertenecido a la Di\u00f3cesis del Cuzco, a la Di\u00f3cesis de Sucre, a la Di\u00f3cesis de Arequipa, a la Vicar\u00eda Castrense de Chile y, por \u00faltimo, de la Di\u00f3cesis de Iquique, de la cual se desmembr\u00f3 el a\u00f1o 1959 por decisi\u00f3n del Papa Juan XXIII, qui\u00e9n mediante la Bula \u201cQuibus a Deo\u201d, la transform\u00f3 en Prelatura Nullius. Siendo este el primer paso hacia su transformaci\u00f3n en Di\u00f3cesis.<\/p>\n<p>Para este delicado y fundamental proceso de consolidaci\u00f3n de la futura di\u00f3cesis, la Santa Sede nombr\u00f3 Primer Administrador Apost\u00f3lico al Padre jesuita don Miguel Squella Avenda\u00f1o. Paralelamente, el mismo a\u00f1o, y por expresa petici\u00f3n del entonces presidente de la Rep\u00fablica, don Carlos Ib\u00e1\u00f1ez del Campo, llega a esta tierra la primera comunidad de religiosos de la Compa\u00f1\u00eda de Jes\u00fas, con la finalidad de hacerse cargo de la entonces \u00fanica Parroquia de Arica, y que dejaban los Padres Capuchinos, asumiendo entonces como P\u00e1rroco el P. Alejandro Lamas.<\/p>\n<p>Los hijos de San Ignacio de Loyola llegaron a esta tierra el 28 de agosto de 1959, solo cuatro d\u00edas despu\u00e9s que los Padres Vicentinos se despidieran de Arica, haciendo entrega a la naciente Prelatura, el actual Colegio San Marcos, instituci\u00f3n que ellos mismos hab\u00edan fundado.&nbsp;<\/p>\n<p>En aquellos tiempos, la ciudad de Arica ten\u00eda por l\u00edmites el r\u00edo San Jos\u00e9 al norte, la calle Tucapel al oeste, el Morro al sur y el mar al este, muy distante de lo que es la realidad geogr\u00e1fica de la regi\u00f3n en la actualidad.<\/p>\n<p>La Iglesia presente hoy en la Provincia de Arica y Parinacota ha acompa\u00f1ado, a lo largo del tiempo, la vida, angustias y esperanzas de esta tierra y su gente. Ha compartido tambi\u00e9n, y experimentado en carne propia, las alegr\u00edas de una historia profundamente rica y diversa, marcada por el encuentro de razas, culturas y nacionalidades. Del mismo modo, ha afrontado pruebas y desaf\u00edos significativos, especialmente durante los \u00faltimos siglos de su caminar, donde no han faltado el sufrimiento, la persecuci\u00f3n e incluso el martirio en tiempos de guerra.<\/p>\t\t\t\t\t\t\t\t<\/div>\n\t\t\t\t<\/div>\n\t\t\t\t\t<\/div>\n\t\t<\/div>\n\t\t\t\t<div class=\"elementor-column elementor-col-50 elementor-inner-column elementor-element elementor-element-52939d0\" data-id=\"52939d0\" data-element_type=\"column\">\n\t\t\t<div class=\"elementor-widget-wrap elementor-element-populated\">\n\t\t\t\t\t\t<div class=\"elementor-element elementor-element-e34aca6 elementor-widget__width-initial elementor-widget elementor-widget-image\" data-id=\"e34aca6\" data-element_type=\"widget\" data-widget_type=\"image.default\">\n\t\t\t\t<div class=\"elementor-widget-container\">\n\t\t\t\t\t\t\t\t\t\t\t\t\t\t\t<img fetchpriority=\"high\" decoding=\"async\" width=\"206\" height=\"290\" src=\"https:\/\/obispadoarica.cl\/home\/wp-content\/uploads\/2025\/12\/Imagen1.jpg\" class=\"attachment-medium_large size-medium_large wp-image-4266\" alt=\"\" \/>\t\t\t\t\t\t\t\t\t\t\t\t\t\t\t<\/div>\n\t\t\t\t<\/div>\n\t\t\t\t<div class=\"elementor-element elementor-element-c0e997b elementor-widget__width-initial elementor-widget elementor-widget-image\" data-id=\"c0e997b\" data-element_type=\"widget\" data-widget_type=\"image.default\">\n\t\t\t\t<div class=\"elementor-widget-container\">\n\t\t\t\t\t\t\t\t\t\t\t\t\t\t\t<img decoding=\"async\" width=\"208\" height=\"290\" src=\"https:\/\/obispadoarica.cl\/home\/wp-content\/uploads\/2025\/12\/Imagen2.png\" class=\"attachment-large size-large wp-image-4267\" alt=\"\" \/>\t\t\t\t\t\t\t\t\t\t\t\t\t\t\t<\/div>\n\t\t\t\t<\/div>\n\t\t\t\t<div class=\"elementor-element elementor-element-e5fd5eb elementor-widget elementor-widget-text-editor\" data-id=\"e5fd5eb\" data-element_type=\"widget\" data-widget_type=\"text-editor.default\">\n\t\t\t\t<div class=\"elementor-widget-container\">\n\t\t\t\t\t\t\t\t\t<p>Celebraci\u00f3n de misa por el paso de Prelatura a Di\u00f3cesis de Arica, 1986.<\/p>\t\t\t\t\t\t\t\t<\/div>\n\t\t\t\t<\/div>\n\t\t\t\t<div class=\"elementor-element elementor-element-8d2850b elementor-widget__width-initial elementor-widget elementor-widget-image\" data-id=\"8d2850b\" data-element_type=\"widget\" data-widget_type=\"image.default\">\n\t\t\t\t<div class=\"elementor-widget-container\">\n\t\t\t\t\t\t\t\t\t\t\t\t<figure class=\"wp-caption\">\n\t\t\t\t\t\t\t\t\t\t<img decoding=\"async\" width=\"440\" height=\"252\" src=\"https:\/\/obispadoarica.cl\/home\/wp-content\/uploads\/2025\/12\/Imagen3.jpg\" class=\"attachment-large size-large wp-image-4268\" alt=\"\" srcset=\"https:\/\/obispadoarica.cl\/home\/wp-content\/uploads\/2025\/12\/Imagen3.jpg 440w, https:\/\/obispadoarica.cl\/home\/wp-content\/uploads\/2025\/12\/Imagen3-300x172.jpg 300w\" sizes=\"(max-width: 440px) 100vw, 440px\" \/>\t\t\t\t\t\t\t\t\t\t\t<figcaption class=\"widget-image-caption wp-caption-text\">Firma del Decreto con el cual la Prelatura  pasa a ser Di\u00f3cesis de Arica, 1986<\/figcaption>\n\t\t\t\t\t\t\t\t\t\t<\/figure>\n\t\t\t\t\t\t\t\t\t<\/div>\n\t\t\t\t<\/div>\n\t\t\t\t<div class=\"elementor-element elementor-element-7cb3fd0 elementor-widget__width-initial elementor-widget elementor-widget-image\" data-id=\"7cb3fd0\" data-element_type=\"widget\" data-widget_type=\"image.default\">\n\t\t\t\t<div class=\"elementor-widget-container\">\n\t\t\t\t\t\t\t\t\t\t\t\t<figure class=\"wp-caption\">\n\t\t\t\t\t\t\t\t\t\t<img loading=\"lazy\" decoding=\"async\" width=\"193\" height=\"210\" src=\"https:\/\/obispadoarica.cl\/home\/wp-content\/uploads\/2025\/12\/Imagen4-e1769482636162.jpg\" class=\"attachment-large size-large wp-image-4263\" alt=\"\" \/>\t\t\t\t\t\t\t\t\t\t\t<figcaption class=\"widget-image-caption wp-caption-text\">Congregaci\u00f3n de San Vicente de Paul,1933. <\/figcaption>\n\t\t\t\t\t\t\t\t\t\t<\/figure>\n\t\t\t\t\t\t\t\t\t<\/div>\n\t\t\t\t<\/div>\n\t\t\t\t<div class=\"elementor-element elementor-element-b33200b elementor-widget__width-initial elementor-widget elementor-widget-image\" data-id=\"b33200b\" data-element_type=\"widget\" data-widget_type=\"image.default\">\n\t\t\t\t<div class=\"elementor-widget-container\">\n\t\t\t\t\t\t\t\t\t\t\t\t<figure class=\"wp-caption\">\n\t\t\t\t\t\t\t\t\t\t<img loading=\"lazy\" decoding=\"async\" width=\"387\" height=\"291\" src=\"https:\/\/obispadoarica.cl\/home\/wp-content\/uploads\/2025\/12\/Imagen5.png\" class=\"attachment-large size-large wp-image-4264\" alt=\"\" srcset=\"https:\/\/obispadoarica.cl\/home\/wp-content\/uploads\/2025\/12\/Imagen5.png 387w, https:\/\/obispadoarica.cl\/home\/wp-content\/uploads\/2025\/12\/Imagen5-300x226.png 300w\" sizes=\"(max-width: 387px) 100vw, 387px\" \/>\t\t\t\t\t\t\t\t\t\t\t<figcaption class=\"widget-image-caption wp-caption-text\">Iglesia San Marcos, 1880.<\/figcaption>\n\t\t\t\t\t\t\t\t\t\t<\/figure>\n\t\t\t\t\t\t\t\t\t<\/div>\n\t\t\t\t<\/div>\n\t\t\t\t<div class=\"elementor-element elementor-element-89170ba elementor-widget__width-initial elementor-widget elementor-widget-image\" data-id=\"89170ba\" data-element_type=\"widget\" data-widget_type=\"image.default\">\n\t\t\t\t<div class=\"elementor-widget-container\">\n\t\t\t\t\t\t\t\t\t\t\t\t<figure class=\"wp-caption\">\n\t\t\t\t\t\t\t\t\t\t<img loading=\"lazy\" decoding=\"async\" width=\"599\" height=\"308\" src=\"https:\/\/obispadoarica.cl\/home\/wp-content\/uploads\/2025\/12\/Imagen6.png\" class=\"attachment-large size-large wp-image-4265\" alt=\"\" srcset=\"https:\/\/obispadoarica.cl\/home\/wp-content\/uploads\/2025\/12\/Imagen6.png 599w, https:\/\/obispadoarica.cl\/home\/wp-content\/uploads\/2025\/12\/Imagen6-300x154.png 300w\" sizes=\"(max-width: 599px) 100vw, 599px\" \/>\t\t\t\t\t\t\t\t\t\t\t<figcaption class=\"widget-image-caption wp-caption-text\">Peregrinaci\u00f3n Cruzada Rosario,1962.<\/figcaption>\n\t\t\t\t\t\t\t\t\t\t<\/figure>\n\t\t\t\t\t\t\t\t\t<\/div>\n\t\t\t\t<\/div>\n\t\t\t\t\t<\/div>\n\t\t<\/div>\n\t\t\t\t\t<\/div>\n\t\t<\/section>\n\t\t\t\t\t<\/div>\n\t\t<\/div>\n\t\t\t\t\t<\/div>\n\t\t<\/section>\n\t\t\t\t<section class=\"elementor-section elementor-top-section elementor-element elementor-element-ccc1e65 elementor-section-boxed elementor-section-height-default elementor-section-height-default\" data-id=\"ccc1e65\" data-element_type=\"section\">\n\t\t\t\t\t\t<div class=\"elementor-container elementor-column-gap-default\">\n\t\t\t\t\t<div class=\"elementor-column elementor-col-100 elementor-top-column elementor-element elementor-element-6acdc80\" data-id=\"6acdc80\" data-element_type=\"column\">\n\t\t\t<div class=\"elementor-widget-wrap elementor-element-populated\">\n\t\t\t\t\t\t<div class=\"elementor-element elementor-element-bb84dd8 elementor-widget__width-initial elementor-widget elementor-widget-text-editor\" data-id=\"bb84dd8\" data-element_type=\"widget\" data-widget_type=\"text-editor.default\">\n\t\t\t\t<div class=\"elementor-widget-container\">\n\t\t\t\t\t\t\t\t\t<p>Ante ello, la Iglesia de Arica, moldeada por el desierto, el mar, los f\u00e9rtiles valles y el altiplano, eleva diariamente su oraci\u00f3n a sus santos patronos, San Marcos Evangelista y Nuestra Se\u00f1ora del Rosario de Las Pe\u00f1as, pidiendo su intercesi\u00f3n para perseverar en la misi\u00f3n recibida y ser fiel testigo del Evangelio en medio de su pueblo.<\/p>\t\t\t\t\t\t\t\t<\/div>\n\t\t\t\t<\/div>\n\t\t\t\t\t<\/div>\n\t\t<\/div>\n\t\t\t\t\t<\/div>\n\t\t<\/section>\n\t\t\t\t<\/div>\n\t\t","protected":false},"excerpt":{"rendered":"<p>Nuestra historia La Di\u00f3cesis nace con el nombre de Arica, la crea el recordado Papa Juan Pablo II, mediante la Bula \u201cQua tenemur Graviter\u201d, el 29 de agosto de 1986, siendo sus primeros Obispos, los ya fallecidos jesuitas Don Ram\u00f3n Salas Vald\u00e9s y Don Renato Hasche Salas, como tambi\u00e9n Don H\u00e9ctor Eduardo Vargas Bastidas, salesiano, [&#8230;]\n","protected":false},"author":2,"featured_media":0,"parent":0,"menu_order":0,"comment_status":"closed","ping_status":"closed","template":"","meta":{"footnotes":""},"class_list":["post-4262","page","type-page","status-publish","hentry"],"yoast_head":"<!-- This site is optimized with the Yoast SEO plugin v24.6 - https:\/\/yoast.com\/wordpress\/plugins\/seo\/ -->\n<title>Nuestra Historia - Obispado San Marcos de Arica<\/title>\n<meta name=\"robots\" content=\"index, follow, max-snippet:-1, max-image-preview:large, max-video-preview:-1\" \/>\n<link rel=\"canonical\" href=\"https:\/\/obispadoarica.cl\/home\/nuestra-historia\/\" \/>\n<meta property=\"og:locale\" content=\"es_ES\" \/>\n<meta property=\"og:type\" content=\"article\" \/>\n<meta property=\"og:title\" content=\"Nuestra Historia - Obispado San Marcos de Arica\" \/>\n<meta property=\"og:description\" content=\"Nuestra historia La Di\u00f3cesis nace con el nombre de Arica, la crea el recordado Papa Juan Pablo II, mediante la Bula \u201cQua tenemur Graviter\u201d, el 29 de agosto de 1986, siendo sus primeros Obispos, los ya fallecidos jesuitas Don Ram\u00f3n Salas Vald\u00e9s y Don Renato Hasche Salas, como tambi\u00e9n Don H\u00e9ctor Eduardo Vargas Bastidas, salesiano, [...]\" \/>\n<meta property=\"og:url\" content=\"https:\/\/obispadoarica.cl\/home\/nuestra-historia\/\" \/>\n<meta property=\"og:site_name\" content=\"Obispado San Marcos de Arica\" \/>\n<meta property=\"article:modified_time\" content=\"2026-01-27T03:20:41+00:00\" \/>\n<meta property=\"og:image\" content=\"https:\/\/obispadoarica.cl\/home\/wp-content\/uploads\/2025\/12\/Imagen1.jpg\" \/>\n\t<meta property=\"og:image:width\" content=\"206\" \/>\n\t<meta property=\"og:image:height\" content=\"290\" \/>\n\t<meta property=\"og:image:type\" content=\"image\/jpeg\" \/>\n<meta name=\"twitter:card\" content=\"summary_large_image\" \/>\n<meta name=\"twitter:label1\" content=\"Tiempo de lectura\" \/>\n\t<meta name=\"twitter:data1\" content=\"4 minutos\" \/>\n<script type=\"application\/ld+json\" class=\"yoast-schema-graph\">{\"@context\":\"https:\/\/schema.org\",\"@graph\":[{\"@type\":\"WebPage\",\"@id\":\"https:\/\/obispadoarica.cl\/home\/nuestra-historia\/\",\"url\":\"https:\/\/obispadoarica.cl\/home\/nuestra-historia\/\",\"name\":\"Nuestra Historia - Obispado San Marcos de Arica\",\"isPartOf\":{\"@id\":\"https:\/\/obispadoarica.cl\/home\/#website\"},\"primaryImageOfPage\":{\"@id\":\"https:\/\/obispadoarica.cl\/home\/nuestra-historia\/#primaryimage\"},\"image\":{\"@id\":\"https:\/\/obispadoarica.cl\/home\/nuestra-historia\/#primaryimage\"},\"thumbnailUrl\":\"https:\/\/obispadoarica.cl\/home\/wp-content\/uploads\/2025\/12\/Imagen1.jpg\",\"datePublished\":\"2025-12-28T04:31:41+00:00\",\"dateModified\":\"2026-01-27T03:20:41+00:00\",\"breadcrumb\":{\"@id\":\"https:\/\/obispadoarica.cl\/home\/nuestra-historia\/#breadcrumb\"},\"inLanguage\":\"es\",\"potentialAction\":[{\"@type\":\"ReadAction\",\"target\":[\"https:\/\/obispadoarica.cl\/home\/nuestra-historia\/\"]}]},{\"@type\":\"ImageObject\",\"inLanguage\":\"es\",\"@id\":\"https:\/\/obispadoarica.cl\/home\/nuestra-historia\/#primaryimage\",\"url\":\"https:\/\/obispadoarica.cl\/home\/wp-content\/uploads\/2025\/12\/Imagen1.jpg\",\"contentUrl\":\"https:\/\/obispadoarica.cl\/home\/wp-content\/uploads\/2025\/12\/Imagen1.jpg\",\"width\":206,\"height\":290,\"caption\":\"Celebraci\u00f3n de misa por el paso de Prelatura a Di\u00f3cesis de Arica, 1986\"},{\"@type\":\"BreadcrumbList\",\"@id\":\"https:\/\/obispadoarica.cl\/home\/nuestra-historia\/#breadcrumb\",\"itemListElement\":[{\"@type\":\"ListItem\",\"position\":1,\"name\":\"Portada\",\"item\":\"https:\/\/obispadoarica.cl\/home\/\"},{\"@type\":\"ListItem\",\"position\":2,\"name\":\"Nuestra Historia\"}]},{\"@type\":\"WebSite\",\"@id\":\"https:\/\/obispadoarica.cl\/home\/#website\",\"url\":\"https:\/\/obispadoarica.cl\/home\/\",\"name\":\"Obispado San Marcos de Arica\",\"description\":\"Di\u00f3cesis San Marcos de Arica\",\"potentialAction\":[{\"@type\":\"SearchAction\",\"target\":{\"@type\":\"EntryPoint\",\"urlTemplate\":\"https:\/\/obispadoarica.cl\/home\/?s={search_term_string}\"},\"query-input\":{\"@type\":\"PropertyValueSpecification\",\"valueRequired\":true,\"valueName\":\"search_term_string\"}}],\"inLanguage\":\"es\"}]}<\/script>\n<!-- \/ Yoast SEO plugin. -->","yoast_head_json":{"title":"Nuestra Historia - Obispado San Marcos de Arica","robots":{"index":"index","follow":"follow","max-snippet":"max-snippet:-1","max-image-preview":"max-image-preview:large","max-video-preview":"max-video-preview:-1"},"canonical":"https:\/\/obispadoarica.cl\/home\/nuestra-historia\/","og_locale":"es_ES","og_type":"article","og_title":"Nuestra Historia - Obispado San Marcos de Arica","og_description":"Nuestra historia La Di\u00f3cesis nace con el nombre de Arica, la crea el recordado Papa Juan Pablo II, mediante la Bula \u201cQua tenemur Graviter\u201d, el 29 de agosto de 1986, siendo sus primeros Obispos, los ya fallecidos jesuitas Don Ram\u00f3n Salas Vald\u00e9s y Don Renato Hasche Salas, como tambi\u00e9n Don H\u00e9ctor Eduardo Vargas Bastidas, salesiano, [...]","og_url":"https:\/\/obispadoarica.cl\/home\/nuestra-historia\/","og_site_name":"Obispado San Marcos de Arica","article_modified_time":"2026-01-27T03:20:41+00:00","og_image":[{"width":206,"height":290,"url":"https:\/\/obispadoarica.cl\/home\/wp-content\/uploads\/2025\/12\/Imagen1.jpg","type":"image\/jpeg"}],"twitter_card":"summary_large_image","twitter_misc":{"Tiempo de lectura":"4 minutos"},"schema":{"@context":"https:\/\/schema.org","@graph":[{"@type":"WebPage","@id":"https:\/\/obispadoarica.cl\/home\/nuestra-historia\/","url":"https:\/\/obispadoarica.cl\/home\/nuestra-historia\/","name":"Nuestra Historia - Obispado San Marcos de Arica","isPartOf":{"@id":"https:\/\/obispadoarica.cl\/home\/#website"},"primaryImageOfPage":{"@id":"https:\/\/obispadoarica.cl\/home\/nuestra-historia\/#primaryimage"},"image":{"@id":"https:\/\/obispadoarica.cl\/home\/nuestra-historia\/#primaryimage"},"thumbnailUrl":"https:\/\/obispadoarica.cl\/home\/wp-content\/uploads\/2025\/12\/Imagen1.jpg","datePublished":"2025-12-28T04:31:41+00:00","dateModified":"2026-01-27T03:20:41+00:00","breadcrumb":{"@id":"https:\/\/obispadoarica.cl\/home\/nuestra-historia\/#breadcrumb"},"inLanguage":"es","potentialAction":[{"@type":"ReadAction","target":["https:\/\/obispadoarica.cl\/home\/nuestra-historia\/"]}]},{"@type":"ImageObject","inLanguage":"es","@id":"https:\/\/obispadoarica.cl\/home\/nuestra-historia\/#primaryimage","url":"https:\/\/obispadoarica.cl\/home\/wp-content\/uploads\/2025\/12\/Imagen1.jpg","contentUrl":"https:\/\/obispadoarica.cl\/home\/wp-content\/uploads\/2025\/12\/Imagen1.jpg","width":206,"height":290,"caption":"Celebraci\u00f3n de misa por el paso de Prelatura a Di\u00f3cesis de Arica, 1986"},{"@type":"BreadcrumbList","@id":"https:\/\/obispadoarica.cl\/home\/nuestra-historia\/#breadcrumb","itemListElement":[{"@type":"ListItem","position":1,"name":"Portada","item":"https:\/\/obispadoarica.cl\/home\/"},{"@type":"ListItem","position":2,"name":"Nuestra Historia"}]},{"@type":"WebSite","@id":"https:\/\/obispadoarica.cl\/home\/#website","url":"https:\/\/obispadoarica.cl\/home\/","name":"Obispado San Marcos de Arica","description":"Di\u00f3cesis San Marcos de Arica","potentialAction":[{"@type":"SearchAction","target":{"@type":"EntryPoint","urlTemplate":"https:\/\/obispadoarica.cl\/home\/?s={search_term_string}"},"query-input":{"@type":"PropertyValueSpecification","valueRequired":true,"valueName":"search_term_string"}}],"inLanguage":"es"}]}},"_links":{"self":[{"href":"https:\/\/obispadoarica.cl\/home\/wp-json\/wp\/v2\/pages\/4262","targetHints":{"allow":["GET"]}}],"collection":[{"href":"https:\/\/obispadoarica.cl\/home\/wp-json\/wp\/v2\/pages"}],"about":[{"href":"https:\/\/obispadoarica.cl\/home\/wp-json\/wp\/v2\/types\/page"}],"author":[{"embeddable":true,"href":"https:\/\/obispadoarica.cl\/home\/wp-json\/wp\/v2\/users\/2"}],"replies":[{"embeddable":true,"href":"https:\/\/obispadoarica.cl\/home\/wp-json\/wp\/v2\/comments?post=4262"}],"version-history":[{"count":27,"href":"https:\/\/obispadoarica.cl\/home\/wp-json\/wp\/v2\/pages\/4262\/revisions"}],"predecessor-version":[{"id":4496,"href":"https:\/\/obispadoarica.cl\/home\/wp-json\/wp\/v2\/pages\/4262\/revisions\/4496"}],"wp:attachment":[{"href":"https:\/\/obispadoarica.cl\/home\/wp-json\/wp\/v2\/media?parent=4262"}],"curies":[{"name":"wp","href":"https:\/\/api.w.org\/{rel}","templated":true}]}}